{"id":56,"date":"2024-04-17T10:31:17","date_gmt":"2024-04-17T02:31:17","guid":{"rendered":"https:\/\/heabenswheelchair.com\/?page_id=56"},"modified":"2025-04-28T16:07:53","modified_gmt":"2025-04-28T08:07:53","slug":"blog","status":"publish","type":"page","link":"https:\/\/heabenswheelchair.com\/sv\/blog\/","title":{"rendered":"Blogg"},"content":{"rendered":"<div data-elementor-type=\"wp-page\" data-elementor-id=\"56\" class=\"elementor elementor-56\" data-elementor-post-type=\"page\">\n\t\t\t\t<div class=\"elementor-element elementor-element-7d9d2962 e-flex e-con-boxed e-con e-parent\" data-id=\"7d9d2962\" data-element_type=\"container\" data-settings=\"{&quot;background_background&quot;:&quot;classic&quot;}\">\n\t\t\t\t\t<div class=\"e-con-inner\">\n\t\t\t\t<div class=\"elementor-element elementor-element-732b404a elementor-widget elementor-widget-heading\" data-id=\"732b404a\" data-element_type=\"widget\" data-widget_type=\"heading.default\">\n\t\t\t\t<div class=\"elementor-widget-container\">\n\t\t\t\t\t<h2 class=\"elementor-heading-title elementor-size-default\">Blogg<\/h2>\t\t\t\t<\/div>\n\t\t\t\t<\/div>\n\t\t\t\t<div class=\"elementor-element elementor-element-df0b37f elementor-widget elementor-widget-text-editor\" data-id=\"df0b37f\" data-element_type=\"widget\" data-widget_type=\"text-editor.default\">\n\t\t\t\t<div class=\"elementor-widget-container\">\n\t\t\t\t\t\t\t\t\t<p>Dela branschnyheter om medicinsk rehabiliteringsutrustning och uppdatera dynamisk konsultation om HEABENS Medical.<\/p>\t\t\t\t\t\t\t\t<\/div>\n\t\t\t\t<\/div>\n\t\t\t\t\t<\/div>\n\t\t\t\t<\/div>\n\t\t<div class=\"elementor-element elementor-element-60d01b5 e-flex e-con-boxed e-con e-parent\" data-id=\"60d01b5\" data-element_type=\"container\">\n\t\t\t\t\t<div class=\"e-con-inner\">\n\t\t\t\t<div class=\"elementor-element elementor-element-c0c3633 elementor-grid-2 elementor-grid-tablet-2 elementor-grid-mobile-1 elementor-posts--thumbnail-top elementor-widget elementor-widget-posts\" data-id=\"c0c3633\" data-element_type=\"widget\" data-settings=\"{&quot;classic_columns&quot;:&quot;2&quot;,&quot;pagination_type&quot;:&quot;prev_next&quot;,&quot;classic_columns_tablet&quot;:&quot;2&quot;,&quot;classic_columns_mobile&quot;:&quot;1&quot;,&quot;classic_row_gap&quot;:{&quot;unit&quot;:&quot;px&quot;,&quot;size&quot;:35,&quot;sizes&quot;:[]},&quot;classic_row_gap_tablet&quot;:{&quot;unit&quot;:&quot;px&quot;,&quot;size&quot;:&quot;&quot;,&quot;sizes&quot;:[]},&quot;classic_row_gap_mobile&quot;:{&quot;unit&quot;:&quot;px&quot;,&quot;size&quot;:&quot;&quot;,&quot;sizes&quot;:[]}}\" data-widget_type=\"posts.classic\">\n\t\t\t\t<div class=\"elementor-widget-container\">\n\t\t\t\t\t\t\t<div class=\"elementor-posts-container elementor-posts elementor-posts--skin-classic elementor-grid\" role=\"list\">\n\t\t\t\t<article class=\"elementor-post elementor-grid-item post-4388 post type-post status-publish format-standard has-post-thumbnail hentry category-blog\" role=\"listitem\">\n\t\t\t\t<a class=\"elementor-post__thumbnail__link\" href=\"https:\/\/heabenswheelchair.com\/sv\/blog\/uppgradering-borstlos-motor-elektrisk-rullstol\/\" tabindex=\"-1\" >\n\t\t\t<div class=\"elementor-post__thumbnail\"><img fetchpriority=\"high\" decoding=\"async\" width=\"800\" height=\"600\" src=\"https:\/\/heabenswheelchair.com\/wp-content\/uploads\/2025\/02\/0081-indoor-electric-wheelchair.avif\" class=\"attachment-full size-full wp-image-4387\" alt=\"hopf\u00e4llbar elektrisk rullstol HBS0081\" srcset=\"https:\/\/heabenswheelchair.com\/wp-content\/uploads\/2025\/02\/0081-indoor-electric-wheelchair.avif 800w, https:\/\/heabenswheelchair.com\/wp-content\/uploads\/2025\/02\/0081-indoor-electric-wheelchair-300x225.avif 300w, https:\/\/heabenswheelchair.com\/wp-content\/uploads\/2025\/02\/0081-indoor-electric-wheelchair-768x576.avif 768w, https:\/\/heabenswheelchair.com\/wp-content\/uploads\/2025\/02\/0081-indoor-electric-wheelchair-16x12.avif 16w\" sizes=\"(max-width: 800px) 100vw, 800px\" \/><\/div>\n\t\t<\/a>\n\t\t\t\t<div class=\"elementor-post__text\">\n\t\t\t\t<h3 class=\"elementor-post__title\">\n\t\t\t<a href=\"https:\/\/heabenswheelchair.com\/sv\/blog\/uppgradering-borstlos-motor-elektrisk-rullstol\/\" >\n\t\t\t\tUppgradera borstl\u00f6s motor elektrisk rullstol\t\t\t<\/a>\n\t\t<\/h3>\n\t\t\t\t<div class=\"elementor-post__excerpt\">\n\t\t\t<p>\u00c4r en borstl\u00f6s DC-motor v\u00e4rd de extra pengarna? Om du letar efter prestanda och l\u00e5ng livsl\u00e4ngd i din rullstol \u00e4r de definitivt v\u00e4rda det. Borstl\u00f6sa motorer har tydliga f\u00f6rdelar j\u00e4mf\u00f6rt med borstade motorer, och de \u00e4r en solid investering f\u00f6r entusiaster som letar efter en b\u00e4ttre hanteringsupplevelse.<\/p>\n\t\t<\/div>\n\t\t\n\t\t<a class=\"elementor-post__read-more\" href=\"https:\/\/heabenswheelchair.com\/sv\/blog\/uppgradering-borstlos-motor-elektrisk-rullstol\/\" aria-label=\"L\u00e4s mer om Upgrade brushless motor electric wheelchair\" tabindex=\"-1\" >\n\t\t\tL\u00e4s mer \"\t\t<\/a>\n\n\t\t\t\t<\/div>\n\t\t\t\t<\/article>\n\t\t\t\t<article class=\"elementor-post elementor-grid-item post-4179 post type-post status-publish format-standard has-post-thumbnail hentry category-blog\" role=\"listitem\">\n\t\t\t\t<a class=\"elementor-post__thumbnail__link\" href=\"https:\/\/heabenswheelchair.com\/sv\/blog\/rysk-halsovardsveckan-2024-avslutad-framgangsrikt\/\" tabindex=\"-1\" >\n\t\t\t<div class=\"elementor-post__thumbnail\"><img decoding=\"async\" width=\"800\" height=\"600\" src=\"https:\/\/heabenswheelchair.com\/wp-content\/uploads\/2024\/12\/Group-photo-with-customers-at-Russian-Health-Week-2024.webp\" class=\"attachment-full size-full wp-image-4177\" alt=\"HEABENS l\u00e4kare p\u00e5 Russian Health Week 2024\" srcset=\"https:\/\/heabenswheelchair.com\/wp-content\/uploads\/2024\/12\/Group-photo-with-customers-at-Russian-Health-Week-2024.webp 800w, https:\/\/heabenswheelchair.com\/wp-content\/uploads\/2024\/12\/Group-photo-with-customers-at-Russian-Health-Week-2024-300x225.webp 300w, https:\/\/heabenswheelchair.com\/wp-content\/uploads\/2024\/12\/Group-photo-with-customers-at-Russian-Health-Week-2024-768x576.webp 768w, https:\/\/heabenswheelchair.com\/wp-content\/uploads\/2024\/12\/Group-photo-with-customers-at-Russian-Health-Week-2024-16x12.webp 16w\" sizes=\"(max-width: 800px) 100vw, 800px\" \/><\/div>\n\t\t<\/a>\n\t\t\t\t<div class=\"elementor-post__text\">\n\t\t\t\t<h3 class=\"elementor-post__title\">\n\t\t\t<a href=\"https:\/\/heabenswheelchair.com\/sv\/blog\/rysk-halsovardsveckan-2024-avslutad-framgangsrikt\/\" >\n\t\t\t\tRussia Health Week 2024 avslutades framg\u00e5ngsrikt\t\t\t<\/a>\n\t\t<\/h3>\n\t\t\t\t<div class=\"elementor-post__excerpt\">\n\t\t\t<p>Utst\u00e4llningen avslutades framg\u00e5ngsrikt. H\u00e5ll fast vid v\u00e5r ursprungliga ambition och forts\u00e4tt fram\u00e5t.<\/p>\n\t\t<\/div>\n\t\t\n\t\t<a class=\"elementor-post__read-more\" href=\"https:\/\/heabenswheelchair.com\/sv\/blog\/rysk-halsovardsveckan-2024-avslutad-framgangsrikt\/\" aria-label=\"L\u00e4s mer om Russia Health Week 2024 concluded successfully\" tabindex=\"-1\" >\n\t\t\tL\u00e4s mer \"\t\t<\/a>\n\n\t\t\t\t<\/div>\n\t\t\t\t<\/article>\n\t\t\t\t<article class=\"elementor-post elementor-grid-item post-4155 post type-post status-publish format-standard has-post-thumbnail hentry category-blog\" role=\"listitem\">\n\t\t\t\t<a class=\"elementor-post__thumbnail__link\" href=\"https:\/\/heabenswheelchair.com\/sv\/blog\/ryska-halsovardsveckan-2024\/\" tabindex=\"-1\" >\n\t\t\t<div class=\"elementor-post__thumbnail\"><img decoding=\"async\" width=\"800\" height=\"600\" src=\"https:\/\/heabenswheelchair.com\/wp-content\/uploads\/2024\/10\/\u9080\u8bf7\u51fd3-jpg.avif\" class=\"attachment-full size-full wp-image-4161\" alt=\"\u042d\u043b\u0435\u043a\u0442\u0440\u0438\u0447\u0435\u0441\u043a\u0438\u0435 \u043a\u043e\u043b\u044f\u0441\u043a\u0438\" srcset=\"https:\/\/heabenswheelchair.com\/wp-content\/uploads\/2024\/10\/\u9080\u8bf7\u51fd3-jpg.avif 800w, https:\/\/heabenswheelchair.com\/wp-content\/uploads\/2024\/10\/\u9080\u8bf7\u51fd3-300x225.avif 300w, https:\/\/heabenswheelchair.com\/wp-content\/uploads\/2024\/10\/\u9080\u8bf7\u51fd3-768x576.avif 768w, https:\/\/heabenswheelchair.com\/wp-content\/uploads\/2024\/10\/\u9080\u8bf7\u51fd3-16x12.avif 16w\" sizes=\"(max-width: 800px) 100vw, 800px\" \/><\/div>\n\t\t<\/a>\n\t\t\t\t<div class=\"elementor-post__text\">\n\t\t\t\t<h3 class=\"elementor-post__title\">\n\t\t\t<a href=\"https:\/\/heabenswheelchair.com\/sv\/blog\/ryska-halsovardsveckan-2024\/\" >\n\t\t\t\tRYSK SJUKV\u00c5RD VECKA 2024\t\t\t<\/a>\n\t\t<\/h3>\n\t\t\t\t<div class=\"elementor-post__excerpt\">\n\t\t\t<p>Xuzhou HEABENS Medical Technology Co., Ltd. ser fram emot att tr\u00e4ffa dig p\u00e5 den ryska h\u00e4lsostatsutst\u00e4llningen.<\/p>\n\t\t<\/div>\n\t\t\n\t\t<a class=\"elementor-post__read-more\" href=\"https:\/\/heabenswheelchair.com\/sv\/blog\/ryska-halsovardsveckan-2024\/\" aria-label=\"L\u00e4s mer om RUSSIAN HEALTH CARE WEEK 2024\" tabindex=\"-1\" >\n\t\t\tL\u00e4s mer \"\t\t<\/a>\n\n\t\t\t\t<\/div>\n\t\t\t\t<\/article>\n\t\t\t\t<article class=\"elementor-post elementor-grid-item post-4063 post type-post status-publish format-standard has-post-thumbnail hentry category-blog\" role=\"listitem\">\n\t\t\t\t<a class=\"elementor-post__thumbnail__link\" href=\"https:\/\/heabenswheelchair.com\/sv\/blog\/basta-elektriska-rullstol-kopguide-for-aterforsaljare\/\" tabindex=\"-1\" >\n\t\t\t<div class=\"elementor-post__thumbnail\"><img loading=\"lazy\" decoding=\"async\" width=\"1000\" height=\"1000\" src=\"https:\/\/heabenswheelchair.com\/wp-content\/uploads\/2024\/08\/motorized-wheelchair-0081-jpg.avif\" class=\"attachment-full size-full wp-image-4065\" alt=\"HEABENS rullstolstillverkare\" srcset=\"https:\/\/heabenswheelchair.com\/wp-content\/uploads\/2024\/08\/motorized-wheelchair-0081-jpg.avif 1000w, https:\/\/heabenswheelchair.com\/wp-content\/uploads\/2024\/08\/motorized-wheelchair-0081-300x300.avif 300w, https:\/\/heabenswheelchair.com\/wp-content\/uploads\/2024\/08\/motorized-wheelchair-0081-150x150.avif 150w, https:\/\/heabenswheelchair.com\/wp-content\/uploads\/2024\/08\/motorized-wheelchair-0081-768x768.avif 768w\" sizes=\"(max-width: 1000px) 100vw, 1000px\" \/><\/div>\n\t\t<\/a>\n\t\t\t\t<div class=\"elementor-post__text\">\n\t\t\t\t<h3 class=\"elementor-post__title\">\n\t\t\t<a href=\"https:\/\/heabenswheelchair.com\/sv\/blog\/basta-elektriska-rullstol-kopguide-for-aterforsaljare\/\" >\n\t\t\t\tB\u00e4sta elektriska rullstol - K\u00f6pguide f\u00f6r \u00e5terf\u00f6rs\u00e4ljare\t\t\t<\/a>\n\t\t<\/h3>\n\t\t\t\t<div class=\"elementor-post__excerpt\">\n\t\t\t<p>Tillverkare \/ fabrik f\u00f6r elektriska rullstolar \u00e4r mycket viktigt, inte bara f\u00f6r att \u00f6ka f\u00f6rs\u00e4ljningen utan ocks\u00e5 f\u00f6r att minska besv\u00e4ret med returer eller efterf\u00f6rs\u00e4ljning.<\/p>\n\t\t<\/div>\n\t\t\n\t\t<a class=\"elementor-post__read-more\" href=\"https:\/\/heabenswheelchair.com\/sv\/blog\/basta-elektriska-rullstol-kopguide-for-aterforsaljare\/\" aria-label=\"L\u00e4s mer om Best Electric Wheelchair \u2013 Buying Guide for Dealers\" tabindex=\"-1\" >\n\t\t\tL\u00e4s mer \"\t\t<\/a>\n\n\t\t\t\t<\/div>\n\t\t\t\t<\/article>\n\t\t\t\t<article class=\"elementor-post elementor-grid-item post-3886 post type-post status-publish format-standard has-post-thumbnail hentry category-blog\" role=\"listitem\">\n\t\t\t\t<a class=\"elementor-post__thumbnail__link\" href=\"https:\/\/heabenswheelchair.com\/sv\/blog\/hur-valjer-jag-elektrisk-rullstol\/\" tabindex=\"-1\" >\n\t\t\t<div class=\"elementor-post__thumbnail\"><img loading=\"lazy\" decoding=\"async\" width=\"1920\" height=\"1427\" src=\"https:\/\/heabenswheelchair.com\/wp-content\/uploads\/2024\/03\/0014S_68-scaled.webp\" class=\"attachment-full size-full wp-image-3899\" alt=\"motoriserad rullstol\" srcset=\"https:\/\/heabenswheelchair.com\/wp-content\/uploads\/2024\/03\/0014S_68-scaled.webp 1920w, https:\/\/heabenswheelchair.com\/wp-content\/uploads\/2024\/03\/0014S_68-300x223.webp 300w, https:\/\/heabenswheelchair.com\/wp-content\/uploads\/2024\/03\/0014S_68-1024x761.webp 1024w, https:\/\/heabenswheelchair.com\/wp-content\/uploads\/2024\/03\/0014S_68-768x571.webp 768w, https:\/\/heabenswheelchair.com\/wp-content\/uploads\/2024\/03\/0014S_68-1536x1142.webp 1536w\" sizes=\"(max-width: 1920px) 100vw, 1920px\" \/><\/div>\n\t\t<\/a>\n\t\t\t\t<div class=\"elementor-post__text\">\n\t\t\t\t<h3 class=\"elementor-post__title\">\n\t\t\t<a href=\"https:\/\/heabenswheelchair.com\/sv\/blog\/hur-valjer-jag-elektrisk-rullstol\/\" >\n\t\t\t\tHur v\u00e4ljer jag elektrisk rullstol?\t\t\t<\/a>\n\t\t<\/h3>\n\t\t\t\t<div class=\"elementor-post__excerpt\">\n\t\t\t<p>Elrullstolen \u00e4r den typ av rullstol som ger st\u00f6rst m\u00f6jlighet till sj\u00e4lvst\u00e4ndighet och r\u00f6rlighet i vardagen.<\/p>\n\t\t<\/div>\n\t\t\n\t\t<a class=\"elementor-post__read-more\" href=\"https:\/\/heabenswheelchair.com\/sv\/blog\/hur-valjer-jag-elektrisk-rullstol\/\" aria-label=\"L\u00e4s mer om How do I choose\u00a0electric\u00a0wheelchair ?\" tabindex=\"-1\" >\n\t\t\tL\u00e4s mer \"\t\t<\/a>\n\n\t\t\t\t<\/div>\n\t\t\t\t<\/article>\n\t\t\t\t<article class=\"elementor-post elementor-grid-item post-3850 post type-post status-publish format-standard has-post-thumbnail hentry category-blog\" role=\"listitem\">\n\t\t\t\t<a class=\"elementor-post__thumbnail__link\" href=\"https:\/\/heabenswheelchair.com\/sv\/blog\/topp-10-rullstolstillverkare-i-kina\/\" tabindex=\"-1\" >\n\t\t\t<div class=\"elementor-post__thumbnail\"><img loading=\"lazy\" decoding=\"async\" width=\"1600\" height=\"1200\" src=\"https:\/\/heabenswheelchair.com\/wp-content\/uploads\/2024\/07\/HEABENS-wheelchair-0081.webp\" class=\"attachment-full size-full wp-image-3851\" alt=\"HEABENS Medicinsk\" srcset=\"https:\/\/heabenswheelchair.com\/wp-content\/uploads\/2024\/07\/HEABENS-wheelchair-0081.webp 1600w, https:\/\/heabenswheelchair.com\/wp-content\/uploads\/2024\/07\/HEABENS-wheelchair-0081-300x225.webp 300w, https:\/\/heabenswheelchair.com\/wp-content\/uploads\/2024\/07\/HEABENS-wheelchair-0081-1024x768.webp 1024w, https:\/\/heabenswheelchair.com\/wp-content\/uploads\/2024\/07\/HEABENS-wheelchair-0081-768x576.webp 768w, https:\/\/heabenswheelchair.com\/wp-content\/uploads\/2024\/07\/HEABENS-wheelchair-0081-1536x1152.webp 1536w\" sizes=\"(max-width: 1600px) 100vw, 1600px\" \/><\/div>\n\t\t<\/a>\n\t\t\t\t<div class=\"elementor-post__text\">\n\t\t\t\t<h3 class=\"elementor-post__title\">\n\t\t\t<a href=\"https:\/\/heabenswheelchair.com\/sv\/blog\/topp-10-rullstolstillverkare-i-kina\/\" >\n\t\t\t\tTopp 10 rullstolsfabrik i Kina\t\t\t<\/a>\n\t\t<\/h3>\n\t\t\t\t<div class=\"elementor-post__excerpt\">\n\t\t\t<p>Tips f\u00f6r import av elektriska rullstolar fr\u00e5n Kina, HEABENS medicinska rullstolar ger dig s\u00e4kert valuta f\u00f6r pengarna.<\/p>\n\t\t<\/div>\n\t\t\n\t\t<a class=\"elementor-post__read-more\" href=\"https:\/\/heabenswheelchair.com\/sv\/blog\/topp-10-rullstolstillverkare-i-kina\/\" aria-label=\"L\u00e4s mer om Top 10 Wheelchair Factory in China\" tabindex=\"-1\" >\n\t\t\tL\u00e4s mer \"\t\t<\/a>\n\n\t\t\t\t<\/div>\n\t\t\t\t<\/article>\n\t\t\t\t<\/div>\n\t\t\n\t\t\t\t<div class=\"e-load-more-anchor\" data-page=\"1\" data-max-page=\"2\" data-next-page=\"https:\/\/heabenswheelchair.com\/sv\/wp-json\/wp\/v2\/pages\/56\/page\/2\/\"><\/div>\n\t\t\t\t<nav class=\"elementor-pagination\" aria-label=\"Sidonumrering\">\n\t\t\t<span class=\"page-numbers prev\">\" F\u00f6reg\u00e5ende<\/span>\n<a class=\"page-numbers next\" href=\"https:\/\/heabenswheelchair.com\/sv\/wp-json\/wp\/v2\/pages\/56\/page\/2\/\">N\u00e4sta \"<\/a>\t\t<\/nav>\n\t\t\t\t\t\t<\/div>\n\t\t\t\t<\/div>\n\t\t\t\t\t<\/div>\n\t\t\t\t<\/div>\n\t\t\t\t<\/div>","protected":false},"excerpt":{"rendered":"<p>Blog Share industry news on medical rehabilitation equipment, and update dynamic consultation on HEABENS Medical.<\/p>","protected":false},"author":1,"featured_media":4647,"parent":0,"menu_order":0,"comment_status":"closed","ping_status":"closed","template":"","meta":{"footnotes":""},"class_list":["post-56","page","type-page","status-publish","has-post-thumbnail","hentry"],"yoast_head":"<!-- This site is optimized with the Yoast SEO plugin v26.7 - https:\/\/yoast.com\/wordpress\/plugins\/seo\/ -->\n<title>Blog &amp; News | HEABENS Medical Wheel Chair Compay<\/title>\n<meta name=\"description\" content=\"HEABENS Medical Blog\/News - More than just a power wheelchair or manual wheelchair, it is an opportunity to live a happy, independent life.\" \/>\n<meta name=\"robots\" content=\"index, follow, max-snippet:-1, max-image-preview:large, max-video-preview:-1\" \/>\n<link rel=\"canonical\" href=\"https:\/\/heabenswheelchair.com\/sv\/blog\/\" \/>\n<meta property=\"og:locale\" content=\"sv_SE\" \/>\n<meta property=\"og:type\" content=\"article\" \/>\n<meta property=\"og:title\" content=\"Blog &amp; News | HEABENS Medical Wheel Chair Compay\" \/>\n<meta property=\"og:description\" content=\"HEABENS Medical Blog\/News - More than just a power wheelchair or manual wheelchair, it is an opportunity to live a happy, independent life.\" \/>\n<meta property=\"og:url\" content=\"https:\/\/heabenswheelchair.com\/sv\/blog\/\" \/>\n<meta property=\"og:site_name\" content=\"HEABENS Wheelchair\" \/>\n<meta property=\"article:modified_time\" content=\"2025-04-28T08:07:53+00:00\" \/>\n<meta property=\"og:image\" content=\"https:\/\/heabenswheelchair.com\/wp-content\/uploads\/2024\/05\/0014_80.avif\" \/>\n\t<meta property=\"og:image:width\" content=\"800\" \/>\n\t<meta property=\"og:image:height\" content=\"800\" \/>\n\t<meta property=\"og:image:type\" content=\"image\/jpeg\" \/>\n<meta name=\"twitter:card\" content=\"summary_large_image\" \/>\n<meta name=\"twitter:label1\" content=\"Ber\u00e4knad l\u00e4stid\" \/>\n\t<meta name=\"twitter:data1\" content=\"1 minut\" \/>\n<script type=\"application\/ld+json\" class=\"yoast-schema-graph\">{\"@context\":\"https:\/\/schema.org\",\"@graph\":[{\"@type\":\"WebPage\",\"@id\":\"https:\/\/heabenswheelchair.com\/blog\/\",\"url\":\"https:\/\/heabenswheelchair.com\/blog\/\",\"name\":\"Blog & News | HEABENS Medical Wheel Chair Compay\",\"isPartOf\":{\"@id\":\"https:\/\/heabenswheelchair.com\/#website\"},\"primaryImageOfPage\":{\"@id\":\"https:\/\/heabenswheelchair.com\/blog\/#primaryimage\"},\"image\":{\"@id\":\"https:\/\/heabenswheelchair.com\/blog\/#primaryimage\"},\"thumbnailUrl\":\"https:\/\/heabenswheelchair.com\/wp-content\/uploads\/2024\/05\/0014_80.avif\",\"datePublished\":\"2024-04-17T02:31:17+00:00\",\"dateModified\":\"2025-04-28T08:07:53+00:00\",\"description\":\"HEABENS Medical Blog\/News - More than just a power wheelchair or manual wheelchair, it is an opportunity to live a happy, independent life.\",\"breadcrumb\":{\"@id\":\"https:\/\/heabenswheelchair.com\/blog\/#breadcrumb\"},\"inLanguage\":\"sv-SE\",\"potentialAction\":[{\"@type\":\"ReadAction\",\"target\":[\"https:\/\/heabenswheelchair.com\/blog\/\"]}]},{\"@type\":\"ImageObject\",\"inLanguage\":\"sv-SE\",\"@id\":\"https:\/\/heabenswheelchair.com\/blog\/#primaryimage\",\"url\":\"https:\/\/heabenswheelchair.com\/wp-content\/uploads\/2024\/05\/0014_80.avif\",\"contentUrl\":\"https:\/\/heabenswheelchair.com\/wp-content\/uploads\/2024\/05\/0014_80.avif\",\"width\":800,\"height\":800,\"caption\":\"HEABENS electric mobility chairs\"},{\"@type\":\"BreadcrumbList\",\"@id\":\"https:\/\/heabenswheelchair.com\/blog\/#breadcrumb\",\"itemListElement\":[{\"@type\":\"ListItem\",\"position\":1,\"name\":\"Home\",\"item\":\"https:\/\/heabenswheelchair.com\/\"},{\"@type\":\"ListItem\",\"position\":2,\"name\":\"Blog\"}]},{\"@type\":\"WebSite\",\"@id\":\"https:\/\/heabenswheelchair.com\/#website\",\"url\":\"https:\/\/heabenswheelchair.com\/\",\"name\":\"HEABENS Wheelchair\",\"description\":\"electric wheelchair, manual Wheelchair\",\"publisher\":{\"@id\":\"https:\/\/heabenswheelchair.com\/#organization\"},\"potentialAction\":[{\"@type\":\"SearchAction\",\"target\":{\"@type\":\"EntryPoint\",\"urlTemplate\":\"https:\/\/heabenswheelchair.com\/?s={search_term_string}\"},\"query-input\":{\"@type\":\"PropertyValueSpecification\",\"valueRequired\":true,\"valueName\":\"search_term_string\"}}],\"inLanguage\":\"sv-SE\"},{\"@type\":\"Organization\",\"@id\":\"https:\/\/heabenswheelchair.com\/#organization\",\"name\":\"HEABENS Wheelchair\",\"url\":\"https:\/\/heabenswheelchair.com\/\",\"logo\":{\"@type\":\"ImageObject\",\"inLanguage\":\"sv-SE\",\"@id\":\"https:\/\/heabenswheelchair.com\/#\/schema\/logo\/image\/\",\"url\":\"https:\/\/heabenswheelchair.com\/wp-content\/uploads\/2024\/03\/logo-150.png\",\"contentUrl\":\"https:\/\/heabenswheelchair.com\/wp-content\/uploads\/2024\/03\/logo-150.png\",\"width\":293,\"height\":100,\"caption\":\"HEABENS Wheelchair\"},\"image\":{\"@id\":\"https:\/\/heabenswheelchair.com\/#\/schema\/logo\/image\/\"}}]}<\/script>\n<!-- \/ Yoast SEO plugin. -->","yoast_head_json":{"title":"Blogg &amp; Nyheter | HEABENS Medicinsk Rullstolsf\u00f6retag","description":"HEABENS Medical Blog\/News - Mer \u00e4n bara en elrullstol eller manuell rullstol, det \u00e4r en m\u00f6jlighet att leva ett lyckligt, sj\u00e4lvst\u00e4ndigt liv.","robots":{"index":"index","follow":"follow","max-snippet":"max-snippet:-1","max-image-preview":"max-image-preview:large","max-video-preview":"max-video-preview:-1"},"canonical":"https:\/\/heabenswheelchair.com\/sv\/blog\/","og_locale":"sv_SE","og_type":"article","og_title":"Blog & News | HEABENS Medical Wheel Chair Compay","og_description":"HEABENS Medical Blog\/News - More than just a power wheelchair or manual wheelchair, it is an opportunity to live a happy, independent life.","og_url":"https:\/\/heabenswheelchair.com\/sv\/blog\/","og_site_name":"HEABENS Wheelchair","article_modified_time":"2025-04-28T08:07:53+00:00","og_image":[{"width":800,"height":800,"url":"https:\/\/heabenswheelchair.com\/wp-content\/uploads\/2024\/05\/0014_80.avif","type":"image\/jpeg"}],"twitter_card":"summary_large_image","twitter_misc":{"Ber\u00e4knad l\u00e4stid":"1 minut"},"schema":{"@context":"https:\/\/schema.org","@graph":[{"@type":"WebPage","@id":"https:\/\/heabenswheelchair.com\/blog\/","url":"https:\/\/heabenswheelchair.com\/blog\/","name":"Blogg &amp; Nyheter | HEABENS Medicinsk Rullstolsf\u00f6retag","isPartOf":{"@id":"https:\/\/heabenswheelchair.com\/#website"},"primaryImageOfPage":{"@id":"https:\/\/heabenswheelchair.com\/blog\/#primaryimage"},"image":{"@id":"https:\/\/heabenswheelchair.com\/blog\/#primaryimage"},"thumbnailUrl":"https:\/\/heabenswheelchair.com\/wp-content\/uploads\/2024\/05\/0014_80.avif","datePublished":"2024-04-17T02:31:17+00:00","dateModified":"2025-04-28T08:07:53+00:00","description":"HEABENS Medical Blog\/News - Mer \u00e4n bara en elrullstol eller manuell rullstol, det \u00e4r en m\u00f6jlighet att leva ett lyckligt, sj\u00e4lvst\u00e4ndigt liv.","breadcrumb":{"@id":"https:\/\/heabenswheelchair.com\/blog\/#breadcrumb"},"inLanguage":"sv-SE","potentialAction":[{"@type":"ReadAction","target":["https:\/\/heabenswheelchair.com\/blog\/"]}]},{"@type":"ImageObject","inLanguage":"sv-SE","@id":"https:\/\/heabenswheelchair.com\/blog\/#primaryimage","url":"https:\/\/heabenswheelchair.com\/wp-content\/uploads\/2024\/05\/0014_80.avif","contentUrl":"https:\/\/heabenswheelchair.com\/wp-content\/uploads\/2024\/05\/0014_80.avif","width":800,"height":800,"caption":"HEABENS electric mobility chairs"},{"@type":"BreadcrumbList","@id":"https:\/\/heabenswheelchair.com\/blog\/#breadcrumb","itemListElement":[{"@type":"ListItem","position":1,"name":"Home","item":"https:\/\/heabenswheelchair.com\/"},{"@type":"ListItem","position":2,"name":"Blog"}]},{"@type":"WebSite","@id":"https:\/\/heabenswheelchair.com\/#website","url":"https:\/\/heabenswheelchair.com\/","name":"HEABENS Rullstol","description":"elektrisk rullstol, manuell rullstol","publisher":{"@id":"https:\/\/heabenswheelchair.com\/#organization"},"potentialAction":[{"@type":"SearchAction","target":{"@type":"EntryPoint","urlTemplate":"https:\/\/heabenswheelchair.com\/?s={search_term_string}"},"query-input":{"@type":"PropertyValueSpecification","valueRequired":true,"valueName":"search_term_string"}}],"inLanguage":"sv-SE"},{"@type":"Organization","@id":"https:\/\/heabenswheelchair.com\/#organization","name":"HEABENS Rullstol","url":"https:\/\/heabenswheelchair.com\/","logo":{"@type":"ImageObject","inLanguage":"sv-SE","@id":"https:\/\/heabenswheelchair.com\/#\/schema\/logo\/image\/","url":"https:\/\/heabenswheelchair.com\/wp-content\/uploads\/2024\/03\/logo-150.png","contentUrl":"https:\/\/heabenswheelchair.com\/wp-content\/uploads\/2024\/03\/logo-150.png","width":293,"height":100,"caption":"HEABENS Wheelchair"},"image":{"@id":"https:\/\/heabenswheelchair.com\/#\/schema\/logo\/image\/"}}]}},"_links":{"self":[{"href":"https:\/\/heabenswheelchair.com\/sv\/wp-json\/wp\/v2\/pages\/56","targetHints":{"allow":["GET"]}}],"collection":[{"href":"https:\/\/heabenswheelchair.com\/sv\/wp-json\/wp\/v2\/pages"}],"about":[{"href":"https:\/\/heabenswheelchair.com\/sv\/wp-json\/wp\/v2\/types\/page"}],"author":[{"embeddable":true,"href":"https:\/\/heabenswheelchair.com\/sv\/wp-json\/wp\/v2\/users\/1"}],"replies":[{"embeddable":true,"href":"https:\/\/heabenswheelchair.com\/sv\/wp-json\/wp\/v2\/comments?post=56"}],"version-history":[{"count":68,"href":"https:\/\/heabenswheelchair.com\/sv\/wp-json\/wp\/v2\/pages\/56\/revisions"}],"predecessor-version":[{"id":3126,"href":"https:\/\/heabenswheelchair.com\/sv\/wp-json\/wp\/v2\/pages\/56\/revisions\/3126"}],"wp:featuredmedia":[{"embeddable":true,"href":"https:\/\/heabenswheelchair.com\/sv\/wp-json\/wp\/v2\/media\/4647"}],"wp:attachment":[{"href":"https:\/\/heabenswheelchair.com\/sv\/wp-json\/wp\/v2\/media?parent=56"}],"curies":[{"name":"wp","href":"https:\/\/api.w.org\/{rel}","templated":true}]}}