{"id":465,"date":"2024-04-27T15:14:42","date_gmt":"2024-04-27T07:14:42","guid":{"rendered":"https:\/\/heabenswheelchair.com\/?page_id=465"},"modified":"2025-08-12T13:59:26","modified_gmt":"2025-08-12T05:59:26","slug":"electric-mobility-scooter","status":"publish","type":"page","link":"https:\/\/heabenswheelchair.com\/pl\/hulajnoga-elektryczna\/","title":{"rendered":"Skutery inwalidzkie"},"content":{"rendered":"<div data-elementor-type=\"wp-page\" data-elementor-id=\"465\" class=\"elementor elementor-465\" data-elementor-post-type=\"page\">\n\t\t\t\t<div class=\"elementor-element elementor-element-952f402 e-flex e-con-boxed e-con e-parent\" data-id=\"952f402\" data-element_type=\"container\" data-settings=\"{&quot;background_background&quot;:&quot;classic&quot;}\">\n\t\t\t\t\t<div class=\"e-con-inner\">\n\t\t\t\t<div class=\"elementor-element elementor-element-6c1f234 elementor-widget elementor-widget-heading\" data-id=\"6c1f234\" data-element_type=\"widget\" data-widget_type=\"heading.default\">\n\t\t\t\t<div class=\"elementor-widget-container\">\n\t\t\t\t\t<h2 class=\"elementor-heading-title elementor-size-default\">Skutery inwalidzkie<\/h2>\t\t\t\t<\/div>\n\t\t\t\t<\/div>\n\t\t\t\t<div class=\"elementor-element elementor-element-71b5036 elementor-widget elementor-widget-text-editor\" data-id=\"71b5036\" data-element_type=\"widget\" data-widget_type=\"text-editor.default\">\n\t\t\t\t<div class=\"elementor-widget-container\">\n\t\t\t\t\t\t\t\t\t<p>Lekki, sk\u0142adany, 4-ko\u0142owy skuter inwalidzki dla os\u00f3b starszych mo\u017cna zabra\u0107 na pok\u0142ad samolotu, co zapewni wygodniejsze podr\u00f3\u017cowanie.<\/p>\t\t\t\t\t\t\t\t<\/div>\n\t\t\t\t<\/div>\n\t\t\t\t\t<\/div>\n\t\t\t\t<\/div>\n\t\t<div class=\"elementor-element elementor-element-2cfc133 e-flex e-con-boxed e-con e-parent\" data-id=\"2cfc133\" data-element_type=\"container\" data-settings=\"{&quot;background_background&quot;:&quot;classic&quot;}\">\n\t\t\t\t\t<div class=\"e-con-inner\">\n\t\t\t\t<div class=\"elementor-element elementor-element-1446967 elementor-widget elementor-widget-text-editor\" data-id=\"1446967\" data-element_type=\"widget\" data-widget_type=\"text-editor.default\">\n\t\t\t\t<div class=\"elementor-widget-container\">\n\t\t\t\t\t\t\t\t\t<p>Hulajnoga jest elektrycznym urz\u0105dzeniem do poruszania si\u0119 u\u017cywanym do pomocy osobom niepe\u0142nosprawnym fizycznie. S\u0142u\u017cy g\u0142\u00f3wnie jako uzupe\u0142nienie elektrycznych w\u00f3zk\u00f3w inwalidzkich. W przeciwie\u0144stwie do elektrycznych w\u00f3zk\u00f3w inwalidzkich, 4-ko\u0142owe skutery inwalidzkie s\u0105 generalnie bardziej przyst\u0119pne cenowo, \u0142atwiejsze w manewrowaniu na nier\u00f3wnych powierzchniach i bardziej konfigurowalne. Te skutery dla niepe\u0142nosprawnych s\u0105 przeznaczone dla os\u00f3b, kt\u00f3re maj\u0105 trudno\u015bci z chodzeniem lub poruszaniem si\u0119, ale nie zawsze wymagaj\u0105 w\u00f3zka inwalidzkiego. S\u0105 r\u00f3wnie\u017c odpowiednie dla os\u00f3b, kt\u00f3re potrzebuj\u0105 w\u00f3zka inwalidzkiego do chodzenia na \u015brednich dystansach lub d\u0142ugotrwa\u0142ego stania, a tak\u017ce dla os\u00f3b niezdolnych do prowadzenia samochodu z powod\u00f3w medycznych.<\/p><p>Wraz z rosn\u0105cym globalnym trendem starzenia si\u0119, skutery inwalidzkie dla os\u00f3b starszych (elektryczne w\u00f3zki inwalidzkie, elektryczne skutery tr\u00f3jko\u0142owe \/ czteroko\u0142owe itp.) sta\u0142y si\u0119 niezb\u0119dnym narz\u0119dziem pomagaj\u0105cym osobom o ograniczonej sprawno\u015bci ruchowej zachowa\u0107 niezale\u017cno\u015b\u0107. Zapotrzebowanie rynku stale ro\u015bnie, szczeg\u00f3lnie w krajach rozwini\u0119tych (takich jak Europa, Stany Zjednoczone i Japonia) oraz na rynkach wschodz\u0105cych, takich jak Chiny, gdzie popyt na bezpieczne, wygodne i inteligentne lekkie skutery inwalidzkie znacznie wzr\u00f3s\u0142.<\/p><p>Firma Xuzhou HEABENS Medical rozpocz\u0119\u0142a produkcj\u0119 lekkich, sk\u0142adanych skuter\u00f3w inwalidzkich, aby zaspokoi\u0107 potrzeby klient\u00f3w. Nasze motto brzmi \"Twoja mobilno\u015b\u0107, dbamy o ni\u0105\" i mamy nadziej\u0119, \u017ce nasze skutery zapewni\u0105 Ci wi\u0119ksz\u0105 swobod\u0119 i wygod\u0119.<\/p>\t\t\t\t\t\t\t\t<\/div>\n\t\t\t\t<\/div>\n\t\t\t\t<div class=\"elementor-element elementor-element-22ee323 elementor-widget-divider--view-line_text elementor-widget__width-initial elementor-widget-divider--element-align-center elementor-widget elementor-widget-divider\" data-id=\"22ee323\" data-element_type=\"widget\" data-widget_type=\"divider.default\">\n\t\t\t\t<div class=\"elementor-widget-container\">\n\t\t\t\t\t\t\t<div class=\"elementor-divider\">\n\t\t\t<span class=\"elementor-divider-separator\">\n\t\t\t\t\t\t\t<h2 class=\"elementor-divider__text elementor-divider__element\">\n\t\t\t\tWybierz model\t\t\t\t<\/h2>\n\t\t\t\t\t\t<\/span>\n\t\t<\/div>\n\t\t\t\t\t\t<\/div>\n\t\t\t\t<\/div>\n\t\t\t\t<div class=\"elementor-element elementor-element-1f50f85 elementor-widget elementor-widget-heading\" data-id=\"1f50f85\" data-element_type=\"widget\" data-widget_type=\"heading.default\">\n\t\t\t\t<div class=\"elementor-widget-container\">\n\t\t\t\t\t<h3 class=\"elementor-heading-title elementor-size-default\">Wybierz model skutera poni\u017cej, aby uzyska\u0107 wi\u0119cej informacji<\/h3>\t\t\t\t<\/div>\n\t\t\t\t<\/div>\n\t\t\t\t<div class=\"elementor-element elementor-element-28a9882 elementor-grid-4 elementor-posts--align-center elementor-grid-tablet-3 elementor-grid-mobile-2 elementor-posts--thumbnail-top elementor-widget elementor-widget-posts\" data-id=\"28a9882\" data-element_type=\"widget\" data-settings=\"{&quot;classic_columns&quot;:&quot;4&quot;,&quot;classic_masonry&quot;:&quot;yes&quot;,&quot;classic_columns_tablet&quot;:&quot;3&quot;,&quot;classic_columns_mobile&quot;:&quot;2&quot;,&quot;classic_row_gap_tablet&quot;:{&quot;unit&quot;:&quot;px&quot;,&quot;size&quot;:15,&quot;sizes&quot;:[]},&quot;classic_row_gap_mobile&quot;:{&quot;unit&quot;:&quot;px&quot;,&quot;size&quot;:10,&quot;sizes&quot;:[]},&quot;classic_row_gap&quot;:{&quot;unit&quot;:&quot;px&quot;,&quot;size&quot;:35,&quot;sizes&quot;:[]}}\" data-widget_type=\"posts.classic\">\n\t\t\t\t<div class=\"elementor-widget-container\">\n\t\t\t\t\t\t\t<div class=\"elementor-posts-container elementor-posts elementor-posts--skin-classic elementor-grid\" role=\"list\">\n\t\t\t\t<article class=\"elementor-post elementor-grid-item post-4922 post type-post status-publish format-standard has-post-thumbnail hentry category-mobility-scooter category-products tag-aluminum-alloy-electric-wheelchair\" role=\"listitem\">\n\t\t\t\t<a class=\"elementor-post__thumbnail__link\" href=\"https:\/\/heabenswheelchair.com\/pl\/produkty\/lekki-skladany-4-kolowy-skuter-inwalidzki-dla-osob-starszych\/\" tabindex=\"-1\" >\n\t\t\t<div class=\"elementor-post__thumbnail\"><img fetchpriority=\"high\" decoding=\"async\" width=\"800\" height=\"800\" src=\"https:\/\/heabenswheelchair.com\/wp-content\/uploads\/2025\/08\/folding-electric-mobility-scooter.avif\" class=\"attachment-full size-full wp-image-4923\" alt=\"\" srcset=\"https:\/\/heabenswheelchair.com\/wp-content\/uploads\/2025\/08\/folding-electric-mobility-scooter.avif 800w, https:\/\/heabenswheelchair.com\/wp-content\/uploads\/2025\/08\/folding-electric-mobility-scooter-300x300.avif 300w, https:\/\/heabenswheelchair.com\/wp-content\/uploads\/2025\/08\/folding-electric-mobility-scooter-150x150.avif 150w, https:\/\/heabenswheelchair.com\/wp-content\/uploads\/2025\/08\/folding-electric-mobility-scooter-768x768.avif 768w, https:\/\/heabenswheelchair.com\/wp-content\/uploads\/2025\/08\/folding-electric-mobility-scooter-12x12.avif 12w\" sizes=\"(max-width: 800px) 100vw, 800px\" \/><\/div>\n\t\t<\/a>\n\t\t\t\t<div class=\"elementor-post__text\">\n\t\t\t\t<h4 class=\"elementor-post__title\">\n\t\t\t<a href=\"https:\/\/heabenswheelchair.com\/pl\/produkty\/lekki-skladany-4-kolowy-skuter-inwalidzki-dla-osob-starszych\/\" >\n\t\t\t\tDB21\t\t\t<\/a>\n\t\t<\/h4>\n\t\t\t\t<\/div>\n\t\t\t\t<\/article>\n\t\t\t\t<\/div>\n\t\t\n\t\t\t\t\t\t<\/div>\n\t\t\t\t<\/div>\n\t\t\t\t\t<\/div>\n\t\t\t\t<\/div>\n\t\t\t\t<\/div>","protected":false},"excerpt":{"rendered":"<p>Mobility Scooter The lightweight, foldable 4-wheel mobility scooter for the elderly can be taken on an airplane, giving you a better travel experience. Mobility scooter<\/p>","protected":false},"author":1,"featured_media":4907,"parent":0,"menu_order":0,"comment_status":"closed","ping_status":"closed","template":"","meta":{"footnotes":""},"class_list":["post-465","page","type-page","status-publish","has-post-thumbnail","hentry"],"yoast_head":"<!-- This site is optimized with the Yoast SEO plugin v26.7 - https:\/\/yoast.com\/wordpress\/plugins\/seo\/ -->\n<title>Mobility Scooters Electric | Lightweight &amp; Fold Scooter for Disabled<\/title>\n<meta name=\"description\" content=\"HEABENS elderly electirc mobility scooters are designed with safety and comfort in mind, providing an excellent user experience. Please enjoy a free travel!\" \/>\n<meta name=\"robots\" content=\"index, follow, max-snippet:-1, max-image-preview:large, max-video-preview:-1\" \/>\n<link rel=\"canonical\" href=\"https:\/\/heabenswheelchair.com\/pl\/hulajnoga-elektryczna\/\" \/>\n<meta property=\"og:locale\" content=\"pl_PL\" \/>\n<meta property=\"og:type\" content=\"article\" \/>\n<meta property=\"og:title\" content=\"Mobility Scooters Electric | Lightweight &amp; Fold Scooter for Disabled\" \/>\n<meta property=\"og:description\" content=\"HEABENS elderly electirc mobility scooters are designed with safety and comfort in mind, providing an excellent user experience. Please enjoy a free travel!\" \/>\n<meta property=\"og:url\" content=\"https:\/\/heabenswheelchair.com\/pl\/hulajnoga-elektryczna\/\" \/>\n<meta property=\"og:site_name\" content=\"HEABENS Wheelchair\" \/>\n<meta property=\"article:modified_time\" content=\"2025-08-12T05:59:26+00:00\" \/>\n<meta property=\"og:image\" content=\"https:\/\/heabenswheelchair.com\/wp-content\/uploads\/2025\/08\/4-wheel-Mobility-Scooter-for-elderly-1.avif\" \/>\n\t<meta property=\"og:image:width\" content=\"800\" \/>\n\t<meta property=\"og:image:height\" content=\"800\" \/>\n\t<meta property=\"og:image:type\" content=\"image\/jpeg\" \/>\n<meta name=\"twitter:card\" content=\"summary_large_image\" \/>\n<meta name=\"twitter:label1\" content=\"Szacowany czas czytania\" \/>\n\t<meta name=\"twitter:data1\" content=\"2 minuty\" \/>\n<script type=\"application\/ld+json\" class=\"yoast-schema-graph\">{\"@context\":\"https:\/\/schema.org\",\"@graph\":[{\"@type\":\"WebPage\",\"@id\":\"https:\/\/heabenswheelchair.com\/electric-mobility-scooter\/\",\"url\":\"https:\/\/heabenswheelchair.com\/electric-mobility-scooter\/\",\"name\":\"Mobility Scooters Electric | Lightweight & Fold Scooter for Disabled\",\"isPartOf\":{\"@id\":\"https:\/\/heabenswheelchair.com\/#website\"},\"primaryImageOfPage\":{\"@id\":\"https:\/\/heabenswheelchair.com\/electric-mobility-scooter\/#primaryimage\"},\"image\":{\"@id\":\"https:\/\/heabenswheelchair.com\/electric-mobility-scooter\/#primaryimage\"},\"thumbnailUrl\":\"https:\/\/heabenswheelchair.com\/wp-content\/uploads\/2025\/08\/4-wheel-Mobility-Scooter-for-elderly-1.avif\",\"datePublished\":\"2024-04-27T07:14:42+00:00\",\"dateModified\":\"2025-08-12T05:59:26+00:00\",\"description\":\"HEABENS elderly electirc mobility scooters are designed with safety and comfort in mind, providing an excellent user experience. Please enjoy a free travel!\",\"breadcrumb\":{\"@id\":\"https:\/\/heabenswheelchair.com\/electric-mobility-scooter\/#breadcrumb\"},\"inLanguage\":\"pl-PL\",\"potentialAction\":[{\"@type\":\"ReadAction\",\"target\":[\"https:\/\/heabenswheelchair.com\/electric-mobility-scooter\/\"]}]},{\"@type\":\"ImageObject\",\"inLanguage\":\"pl-PL\",\"@id\":\"https:\/\/heabenswheelchair.com\/electric-mobility-scooter\/#primaryimage\",\"url\":\"https:\/\/heabenswheelchair.com\/wp-content\/uploads\/2025\/08\/4-wheel-Mobility-Scooter-for-elderly-1.avif\",\"contentUrl\":\"https:\/\/heabenswheelchair.com\/wp-content\/uploads\/2025\/08\/4-wheel-Mobility-Scooter-for-elderly-1.avif\",\"width\":800,\"height\":800},{\"@type\":\"BreadcrumbList\",\"@id\":\"https:\/\/heabenswheelchair.com\/electric-mobility-scooter\/#breadcrumb\",\"itemListElement\":[{\"@type\":\"ListItem\",\"position\":1,\"name\":\"Home\",\"item\":\"https:\/\/heabenswheelchair.com\/\"},{\"@type\":\"ListItem\",\"position\":2,\"name\":\"Mobility Scooter\"}]},{\"@type\":\"WebSite\",\"@id\":\"https:\/\/heabenswheelchair.com\/#website\",\"url\":\"https:\/\/heabenswheelchair.com\/\",\"name\":\"HEABENS Wheelchair\",\"description\":\"electric wheelchair, manual Wheelchair\",\"publisher\":{\"@id\":\"https:\/\/heabenswheelchair.com\/#organization\"},\"potentialAction\":[{\"@type\":\"SearchAction\",\"target\":{\"@type\":\"EntryPoint\",\"urlTemplate\":\"https:\/\/heabenswheelchair.com\/?s={search_term_string}\"},\"query-input\":{\"@type\":\"PropertyValueSpecification\",\"valueRequired\":true,\"valueName\":\"search_term_string\"}}],\"inLanguage\":\"pl-PL\"},{\"@type\":\"Organization\",\"@id\":\"https:\/\/heabenswheelchair.com\/#organization\",\"name\":\"HEABENS Wheelchair\",\"url\":\"https:\/\/heabenswheelchair.com\/\",\"logo\":{\"@type\":\"ImageObject\",\"inLanguage\":\"pl-PL\",\"@id\":\"https:\/\/heabenswheelchair.com\/#\/schema\/logo\/image\/\",\"url\":\"https:\/\/heabenswheelchair.com\/wp-content\/uploads\/2024\/03\/logo-150.png\",\"contentUrl\":\"https:\/\/heabenswheelchair.com\/wp-content\/uploads\/2024\/03\/logo-150.png\",\"width\":293,\"height\":100,\"caption\":\"HEABENS Wheelchair\"},\"image\":{\"@id\":\"https:\/\/heabenswheelchair.com\/#\/schema\/logo\/image\/\"}}]}<\/script>\n<!-- \/ Yoast SEO plugin. -->","yoast_head_json":{"title":"Hulajnoga elektryczna | Lekka i sk\u0142adana hulajnoga dla niepe\u0142nosprawnych","description":"Hulajnogi elektryczne dla os\u00f3b starszych HEABENS zosta\u0142y zaprojektowane z my\u015bl\u0105 o bezpiecze\u0144stwie i komforcie, zapewniaj\u0105c doskona\u0142e wra\u017cenia u\u017cytkownika. Zapraszamy do swobodnego podr\u00f3\u017cowania!","robots":{"index":"index","follow":"follow","max-snippet":"max-snippet:-1","max-image-preview":"max-image-preview:large","max-video-preview":"max-video-preview:-1"},"canonical":"https:\/\/heabenswheelchair.com\/pl\/hulajnoga-elektryczna\/","og_locale":"pl_PL","og_type":"article","og_title":"Mobility Scooters Electric | Lightweight & Fold Scooter for Disabled","og_description":"HEABENS elderly electirc mobility scooters are designed with safety and comfort in mind, providing an excellent user experience. Please enjoy a free travel!","og_url":"https:\/\/heabenswheelchair.com\/pl\/hulajnoga-elektryczna\/","og_site_name":"HEABENS Wheelchair","article_modified_time":"2025-08-12T05:59:26+00:00","og_image":[{"width":800,"height":800,"url":"https:\/\/heabenswheelchair.com\/wp-content\/uploads\/2025\/08\/4-wheel-Mobility-Scooter-for-elderly-1.avif","type":"image\/jpeg"}],"twitter_card":"summary_large_image","twitter_misc":{"Szacowany czas czytania":"2 minuty"},"schema":{"@context":"https:\/\/schema.org","@graph":[{"@type":"WebPage","@id":"https:\/\/heabenswheelchair.com\/electric-mobility-scooter\/","url":"https:\/\/heabenswheelchair.com\/electric-mobility-scooter\/","name":"Hulajnoga elektryczna | Lekka i sk\u0142adana hulajnoga dla niepe\u0142nosprawnych","isPartOf":{"@id":"https:\/\/heabenswheelchair.com\/#website"},"primaryImageOfPage":{"@id":"https:\/\/heabenswheelchair.com\/electric-mobility-scooter\/#primaryimage"},"image":{"@id":"https:\/\/heabenswheelchair.com\/electric-mobility-scooter\/#primaryimage"},"thumbnailUrl":"https:\/\/heabenswheelchair.com\/wp-content\/uploads\/2025\/08\/4-wheel-Mobility-Scooter-for-elderly-1.avif","datePublished":"2024-04-27T07:14:42+00:00","dateModified":"2025-08-12T05:59:26+00:00","description":"Hulajnogi elektryczne dla os\u00f3b starszych HEABENS zosta\u0142y zaprojektowane z my\u015bl\u0105 o bezpiecze\u0144stwie i komforcie, zapewniaj\u0105c doskona\u0142e wra\u017cenia u\u017cytkownika. Zapraszamy do swobodnego podr\u00f3\u017cowania!","breadcrumb":{"@id":"https:\/\/heabenswheelchair.com\/electric-mobility-scooter\/#breadcrumb"},"inLanguage":"pl-PL","potentialAction":[{"@type":"ReadAction","target":["https:\/\/heabenswheelchair.com\/electric-mobility-scooter\/"]}]},{"@type":"ImageObject","inLanguage":"pl-PL","@id":"https:\/\/heabenswheelchair.com\/electric-mobility-scooter\/#primaryimage","url":"https:\/\/heabenswheelchair.com\/wp-content\/uploads\/2025\/08\/4-wheel-Mobility-Scooter-for-elderly-1.avif","contentUrl":"https:\/\/heabenswheelchair.com\/wp-content\/uploads\/2025\/08\/4-wheel-Mobility-Scooter-for-elderly-1.avif","width":800,"height":800},{"@type":"BreadcrumbList","@id":"https:\/\/heabenswheelchair.com\/electric-mobility-scooter\/#breadcrumb","itemListElement":[{"@type":"ListItem","position":1,"name":"Home","item":"https:\/\/heabenswheelchair.com\/"},{"@type":"ListItem","position":2,"name":"Mobility Scooter"}]},{"@type":"WebSite","@id":"https:\/\/heabenswheelchair.com\/#website","url":"https:\/\/heabenswheelchair.com\/","name":"W\u00f3zek inwalidzki HEABENS","description":"elektryczny w\u00f3zek inwalidzki, r\u0119czny w\u00f3zek inwalidzki","publisher":{"@id":"https:\/\/heabenswheelchair.com\/#organization"},"potentialAction":[{"@type":"SearchAction","target":{"@type":"EntryPoint","urlTemplate":"https:\/\/heabenswheelchair.com\/?s={search_term_string}"},"query-input":{"@type":"PropertyValueSpecification","valueRequired":true,"valueName":"search_term_string"}}],"inLanguage":"pl-PL"},{"@type":"Organization","@id":"https:\/\/heabenswheelchair.com\/#organization","name":"W\u00f3zek inwalidzki HEABENS","url":"https:\/\/heabenswheelchair.com\/","logo":{"@type":"ImageObject","inLanguage":"pl-PL","@id":"https:\/\/heabenswheelchair.com\/#\/schema\/logo\/image\/","url":"https:\/\/heabenswheelchair.com\/wp-content\/uploads\/2024\/03\/logo-150.png","contentUrl":"https:\/\/heabenswheelchair.com\/wp-content\/uploads\/2024\/03\/logo-150.png","width":293,"height":100,"caption":"HEABENS Wheelchair"},"image":{"@id":"https:\/\/heabenswheelchair.com\/#\/schema\/logo\/image\/"}}]}},"_links":{"self":[{"href":"https:\/\/heabenswheelchair.com\/pl\/wp-json\/wp\/v2\/pages\/465","targetHints":{"allow":["GET"]}}],"collection":[{"href":"https:\/\/heabenswheelchair.com\/pl\/wp-json\/wp\/v2\/pages"}],"about":[{"href":"https:\/\/heabenswheelchair.com\/pl\/wp-json\/wp\/v2\/types\/page"}],"author":[{"embeddable":true,"href":"https:\/\/heabenswheelchair.com\/pl\/wp-json\/wp\/v2\/users\/1"}],"replies":[{"embeddable":true,"href":"https:\/\/heabenswheelchair.com\/pl\/wp-json\/wp\/v2\/comments?post=465"}],"version-history":[{"count":179,"href":"https:\/\/heabenswheelchair.com\/pl\/wp-json\/wp\/v2\/pages\/465\/revisions"}],"predecessor-version":[{"id":5008,"href":"https:\/\/heabenswheelchair.com\/pl\/wp-json\/wp\/v2\/pages\/465\/revisions\/5008"}],"wp:featuredmedia":[{"embeddable":true,"href":"https:\/\/heabenswheelchair.com\/pl\/wp-json\/wp\/v2\/media\/4907"}],"wp:attachment":[{"href":"https:\/\/heabenswheelchair.com\/pl\/wp-json\/wp\/v2\/media?parent=465"}],"curies":[{"name":"wp","href":"https:\/\/api.w.org\/{rel}","templated":true}]}}