{"id":56,"date":"2024-04-17T10:31:17","date_gmt":"2024-04-17T02:31:17","guid":{"rendered":"https:\/\/heabenswheelchair.com\/?page_id=56"},"modified":"2025-04-28T16:07:53","modified_gmt":"2025-04-28T08:07:53","slug":"blog","status":"publish","type":"page","link":"https:\/\/heabenswheelchair.com\/nb\/blog\/","title":{"rendered":"Blogg"},"content":{"rendered":"<div data-elementor-type=\"wp-page\" data-elementor-id=\"56\" class=\"elementor elementor-56\" data-elementor-post-type=\"page\">\n\t\t\t\t<div class=\"elementor-element elementor-element-7d9d2962 e-flex e-con-boxed e-con e-parent\" data-id=\"7d9d2962\" data-element_type=\"container\" data-settings=\"{&quot;background_background&quot;:&quot;classic&quot;}\">\n\t\t\t\t\t<div class=\"e-con-inner\">\n\t\t\t\t<div class=\"elementor-element elementor-element-732b404a elementor-widget elementor-widget-heading\" data-id=\"732b404a\" data-element_type=\"widget\" data-widget_type=\"heading.default\">\n\t\t\t\t<div class=\"elementor-widget-container\">\n\t\t\t\t\t<h2 class=\"elementor-heading-title elementor-size-default\">Blogg<\/h2>\t\t\t\t<\/div>\n\t\t\t\t<\/div>\n\t\t\t\t<div class=\"elementor-element elementor-element-df0b37f elementor-widget elementor-widget-text-editor\" data-id=\"df0b37f\" data-element_type=\"widget\" data-widget_type=\"text-editor.default\">\n\t\t\t\t<div class=\"elementor-widget-container\">\n\t\t\t\t\t\t\t\t\t<p>Del bransjenyheter om medisinsk rehabiliteringsutstyr, og oppdater dynamisk konsultasjon om HEABENS Medical.<\/p>\t\t\t\t\t\t\t\t<\/div>\n\t\t\t\t<\/div>\n\t\t\t\t\t<\/div>\n\t\t\t\t<\/div>\n\t\t<div class=\"elementor-element elementor-element-60d01b5 e-flex e-con-boxed e-con e-parent\" data-id=\"60d01b5\" data-element_type=\"container\">\n\t\t\t\t\t<div class=\"e-con-inner\">\n\t\t\t\t<div class=\"elementor-element elementor-element-c0c3633 elementor-grid-2 elementor-grid-tablet-2 elementor-grid-mobile-1 elementor-posts--thumbnail-top elementor-widget elementor-widget-posts\" data-id=\"c0c3633\" data-element_type=\"widget\" data-settings=\"{&quot;classic_columns&quot;:&quot;2&quot;,&quot;pagination_type&quot;:&quot;prev_next&quot;,&quot;classic_columns_tablet&quot;:&quot;2&quot;,&quot;classic_columns_mobile&quot;:&quot;1&quot;,&quot;classic_row_gap&quot;:{&quot;unit&quot;:&quot;px&quot;,&quot;size&quot;:35,&quot;sizes&quot;:[]},&quot;classic_row_gap_tablet&quot;:{&quot;unit&quot;:&quot;px&quot;,&quot;size&quot;:&quot;&quot;,&quot;sizes&quot;:[]},&quot;classic_row_gap_mobile&quot;:{&quot;unit&quot;:&quot;px&quot;,&quot;size&quot;:&quot;&quot;,&quot;sizes&quot;:[]}}\" data-widget_type=\"posts.classic\">\n\t\t\t\t<div class=\"elementor-widget-container\">\n\t\t\t\t\t\t\t<div class=\"elementor-posts-container elementor-posts elementor-posts--skin-classic elementor-grid\" role=\"list\">\n\t\t\t\t<article class=\"elementor-post elementor-grid-item post-4388 post type-post status-publish format-standard has-post-thumbnail hentry category-blog\" role=\"listitem\">\n\t\t\t\t<a class=\"elementor-post__thumbnail__link\" href=\"https:\/\/heabenswheelchair.com\/nb\/blog\/oppgradering-borstelos-motor-elektrisk-rullestol\/\" tabindex=\"-1\" >\n\t\t\t<div class=\"elementor-post__thumbnail\"><img fetchpriority=\"high\" decoding=\"async\" width=\"800\" height=\"600\" src=\"https:\/\/heabenswheelchair.com\/wp-content\/uploads\/2025\/02\/0081-indoor-electric-wheelchair.avif\" class=\"attachment-full size-full wp-image-4387\" alt=\"sammenleggbar elektrisk rullestol HBS0081\" srcset=\"https:\/\/heabenswheelchair.com\/wp-content\/uploads\/2025\/02\/0081-indoor-electric-wheelchair.avif 800w, https:\/\/heabenswheelchair.com\/wp-content\/uploads\/2025\/02\/0081-indoor-electric-wheelchair-300x225.avif 300w, https:\/\/heabenswheelchair.com\/wp-content\/uploads\/2025\/02\/0081-indoor-electric-wheelchair-768x576.avif 768w, https:\/\/heabenswheelchair.com\/wp-content\/uploads\/2025\/02\/0081-indoor-electric-wheelchair-16x12.avif 16w\" sizes=\"(max-width: 800px) 100vw, 800px\" \/><\/div>\n\t\t<\/a>\n\t\t\t\t<div class=\"elementor-post__text\">\n\t\t\t\t<h3 class=\"elementor-post__title\">\n\t\t\t<a href=\"https:\/\/heabenswheelchair.com\/nb\/blog\/oppgradering-borstelos-motor-elektrisk-rullestol\/\" >\n\t\t\t\tOppgrader b\u00f8rstel\u00f8s motor elektrisk rullestol\t\t\t<\/a>\n\t\t<\/h3>\n\t\t\t\t<div class=\"elementor-post__excerpt\">\n\t\t\t<p>Er b\u00f8rstel\u00f8s likestr\u00f8msmotor verdt de ekstra pengene? Hvis du er ute etter ytelse og lang levetid i rullestolen din, er de definitivt verdt det. B\u00f8rstel\u00f8se motorer har klare fordeler i forhold til b\u00f8rstel\u00f8se motorer, og de er en solid investering for entusiaster som \u00f8nsker en bedre kj\u00f8reopplevelse.<\/p>\n\t\t<\/div>\n\t\t\n\t\t<a class=\"elementor-post__read-more\" href=\"https:\/\/heabenswheelchair.com\/nb\/blog\/oppgradering-borstelos-motor-elektrisk-rullestol\/\" aria-label=\"Read more about Upgrade brushless motor electric wheelchair\" tabindex=\"-1\" >\n\t\t\tLes mer \"\t\t<\/a>\n\n\t\t\t\t<\/div>\n\t\t\t\t<\/article>\n\t\t\t\t<article class=\"elementor-post elementor-grid-item post-4179 post type-post status-publish format-standard has-post-thumbnail hentry category-blog\" role=\"listitem\">\n\t\t\t\t<a class=\"elementor-post__thumbnail__link\" href=\"https:\/\/heabenswheelchair.com\/nb\/blog\/russisk-helse-uke-2024-avsluttet-vellykket\/\" tabindex=\"-1\" >\n\t\t\t<div class=\"elementor-post__thumbnail\"><img decoding=\"async\" width=\"800\" height=\"600\" src=\"https:\/\/heabenswheelchair.com\/wp-content\/uploads\/2024\/12\/Group-photo-with-customers-at-Russian-Health-Week-2024.webp\" class=\"attachment-full size-full wp-image-4177\" alt=\"HEABENS medical p\u00e5 Russian Health Week 2024\" srcset=\"https:\/\/heabenswheelchair.com\/wp-content\/uploads\/2024\/12\/Group-photo-with-customers-at-Russian-Health-Week-2024.webp 800w, https:\/\/heabenswheelchair.com\/wp-content\/uploads\/2024\/12\/Group-photo-with-customers-at-Russian-Health-Week-2024-300x225.webp 300w, https:\/\/heabenswheelchair.com\/wp-content\/uploads\/2024\/12\/Group-photo-with-customers-at-Russian-Health-Week-2024-768x576.webp 768w, https:\/\/heabenswheelchair.com\/wp-content\/uploads\/2024\/12\/Group-photo-with-customers-at-Russian-Health-Week-2024-16x12.webp 16w\" sizes=\"(max-width: 800px) 100vw, 800px\" \/><\/div>\n\t\t<\/a>\n\t\t\t\t<div class=\"elementor-post__text\">\n\t\t\t\t<h3 class=\"elementor-post__title\">\n\t\t\t<a href=\"https:\/\/heabenswheelchair.com\/nb\/blog\/russisk-helse-uke-2024-avsluttet-vellykket\/\" >\n\t\t\t\tRussia Health Week 2024 ble vellykket avsluttet\t\t\t<\/a>\n\t\t<\/h3>\n\t\t\t\t<div class=\"elementor-post__excerpt\">\n\t\t\t<p>Utstillingen ble avsluttet med suksess | V\u00e6r tro mot v\u00e5r opprinnelige ambisjon og fortsett fremover.<\/p>\n\t\t<\/div>\n\t\t\n\t\t<a class=\"elementor-post__read-more\" href=\"https:\/\/heabenswheelchair.com\/nb\/blog\/russisk-helse-uke-2024-avsluttet-vellykket\/\" aria-label=\"Read more about Russia Health Week 2024 concluded successfully\" tabindex=\"-1\" >\n\t\t\tLes mer \"\t\t<\/a>\n\n\t\t\t\t<\/div>\n\t\t\t\t<\/article>\n\t\t\t\t<article class=\"elementor-post elementor-grid-item post-4155 post type-post status-publish format-standard has-post-thumbnail hentry category-blog\" role=\"listitem\">\n\t\t\t\t<a class=\"elementor-post__thumbnail__link\" href=\"https:\/\/heabenswheelchair.com\/nb\/blog\/russian-helse-care-week-2024\/\" tabindex=\"-1\" >\n\t\t\t<div class=\"elementor-post__thumbnail\"><img decoding=\"async\" width=\"800\" height=\"600\" src=\"https:\/\/heabenswheelchair.com\/wp-content\/uploads\/2024\/10\/\u9080\u8bf7\u51fd3-jpg.avif\" class=\"attachment-full size-full wp-image-4161\" alt=\"\u042d\u043b\u0435\u043a\u0442\u0440\u0438\u0447\u0435\u0441\u043a\u0438\u0435 \u043a\u043e\u043b\u044f\u0441\u043a\u0438\" srcset=\"https:\/\/heabenswheelchair.com\/wp-content\/uploads\/2024\/10\/\u9080\u8bf7\u51fd3-jpg.avif 800w, https:\/\/heabenswheelchair.com\/wp-content\/uploads\/2024\/10\/\u9080\u8bf7\u51fd3-300x225.avif 300w, https:\/\/heabenswheelchair.com\/wp-content\/uploads\/2024\/10\/\u9080\u8bf7\u51fd3-768x576.avif 768w, https:\/\/heabenswheelchair.com\/wp-content\/uploads\/2024\/10\/\u9080\u8bf7\u51fd3-16x12.avif 16w\" sizes=\"(max-width: 800px) 100vw, 800px\" \/><\/div>\n\t\t<\/a>\n\t\t\t\t<div class=\"elementor-post__text\">\n\t\t\t\t<h3 class=\"elementor-post__title\">\n\t\t\t<a href=\"https:\/\/heabenswheelchair.com\/nb\/blog\/russian-helse-care-week-2024\/\" >\n\t\t\t\tRUSSISK HELSEUKE 2024\t\t\t<\/a>\n\t\t<\/h3>\n\t\t\t\t<div class=\"elementor-post__excerpt\">\n\t\t\t<p>Xuzhou HEABENS Medical Technology Co, Ltd. ser frem til \u00e5 m\u00f8te deg p\u00e5 den russiske helsestatsutstillingen.<\/p>\n\t\t<\/div>\n\t\t\n\t\t<a class=\"elementor-post__read-more\" href=\"https:\/\/heabenswheelchair.com\/nb\/blog\/russian-helse-care-week-2024\/\" aria-label=\"Read more about RUSSIAN HEALTH CARE WEEK 2024\" tabindex=\"-1\" >\n\t\t\tLes mer \"\t\t<\/a>\n\n\t\t\t\t<\/div>\n\t\t\t\t<\/article>\n\t\t\t\t<article class=\"elementor-post elementor-grid-item post-4063 post type-post status-publish format-standard has-post-thumbnail hentry category-blog\" role=\"listitem\">\n\t\t\t\t<a class=\"elementor-post__thumbnail__link\" href=\"https:\/\/heabenswheelchair.com\/nb\/blog\/beste-elektriske-rullestol-kjopsguide-for-forhandlere\/\" tabindex=\"-1\" >\n\t\t\t<div class=\"elementor-post__thumbnail\"><img loading=\"lazy\" decoding=\"async\" width=\"1000\" height=\"1000\" src=\"https:\/\/heabenswheelchair.com\/wp-content\/uploads\/2024\/08\/motorized-wheelchair-0081-jpg.avif\" class=\"attachment-full size-full wp-image-4065\" alt=\"HEABENS rullestolprodusent\" srcset=\"https:\/\/heabenswheelchair.com\/wp-content\/uploads\/2024\/08\/motorized-wheelchair-0081-jpg.avif 1000w, https:\/\/heabenswheelchair.com\/wp-content\/uploads\/2024\/08\/motorized-wheelchair-0081-300x300.avif 300w, https:\/\/heabenswheelchair.com\/wp-content\/uploads\/2024\/08\/motorized-wheelchair-0081-150x150.avif 150w, https:\/\/heabenswheelchair.com\/wp-content\/uploads\/2024\/08\/motorized-wheelchair-0081-768x768.avif 768w\" sizes=\"(max-width: 1000px) 100vw, 1000px\" \/><\/div>\n\t\t<\/a>\n\t\t\t\t<div class=\"elementor-post__text\">\n\t\t\t\t<h3 class=\"elementor-post__title\">\n\t\t\t<a href=\"https:\/\/heabenswheelchair.com\/nb\/blog\/beste-elektriske-rullestol-kjopsguide-for-forhandlere\/\" >\n\t\t\t\tBeste elektriske rullestol - Kj\u00f8psguide for forhandlere\t\t\t<\/a>\n\t\t<\/h3>\n\t\t\t\t<div class=\"elementor-post__excerpt\">\n\t\t\t<p>Elektriske rullestolprodusenter \/ fabrikker er sv\u00e6rt viktig, ikke bare for \u00e5 \u00f8ke salget, men ogs\u00e5 for \u00e5 redusere problemer med retur eller ettersalg.<\/p>\n\t\t<\/div>\n\t\t\n\t\t<a class=\"elementor-post__read-more\" href=\"https:\/\/heabenswheelchair.com\/nb\/blog\/beste-elektriske-rullestol-kjopsguide-for-forhandlere\/\" aria-label=\"Read more about Best Electric Wheelchair \u2013 Buying Guide for Dealers\" tabindex=\"-1\" >\n\t\t\tLes mer \"\t\t<\/a>\n\n\t\t\t\t<\/div>\n\t\t\t\t<\/article>\n\t\t\t\t<article class=\"elementor-post elementor-grid-item post-3886 post type-post status-publish format-standard has-post-thumbnail hentry category-blog\" role=\"listitem\">\n\t\t\t\t<a class=\"elementor-post__thumbnail__link\" href=\"https:\/\/heabenswheelchair.com\/nb\/blog\/hvordan-velger-jeg-elektrisk-rullestol\/\" tabindex=\"-1\" >\n\t\t\t<div class=\"elementor-post__thumbnail\"><img loading=\"lazy\" decoding=\"async\" width=\"1920\" height=\"1427\" src=\"https:\/\/heabenswheelchair.com\/wp-content\/uploads\/2024\/03\/0014S_68-scaled.webp\" class=\"attachment-full size-full wp-image-3899\" alt=\"motorisert rullestol\" srcset=\"https:\/\/heabenswheelchair.com\/wp-content\/uploads\/2024\/03\/0014S_68-scaled.webp 1920w, https:\/\/heabenswheelchair.com\/wp-content\/uploads\/2024\/03\/0014S_68-300x223.webp 300w, https:\/\/heabenswheelchair.com\/wp-content\/uploads\/2024\/03\/0014S_68-1024x761.webp 1024w, https:\/\/heabenswheelchair.com\/wp-content\/uploads\/2024\/03\/0014S_68-768x571.webp 768w, https:\/\/heabenswheelchair.com\/wp-content\/uploads\/2024\/03\/0014S_68-1536x1142.webp 1536w\" sizes=\"(max-width: 1920px) 100vw, 1920px\" \/><\/div>\n\t\t<\/a>\n\t\t\t\t<div class=\"elementor-post__text\">\n\t\t\t\t<h3 class=\"elementor-post__title\">\n\t\t\t<a href=\"https:\/\/heabenswheelchair.com\/nb\/blog\/hvordan-velger-jeg-elektrisk-rullestol\/\" >\n\t\t\t\tHvordan velger jeg elektrisk rullestol?\t\t\t<\/a>\n\t\t<\/h3>\n\t\t\t\t<div class=\"elementor-post__excerpt\">\n\t\t\t<p>Den elektriske rullestolen er den rullestoltypen som gir flest muligheter for selvhjulpenhet og mobilitet i hverdagen.<\/p>\n\t\t<\/div>\n\t\t\n\t\t<a class=\"elementor-post__read-more\" href=\"https:\/\/heabenswheelchair.com\/nb\/blog\/hvordan-velger-jeg-elektrisk-rullestol\/\" aria-label=\"Read more about How do I choose\u00a0electric\u00a0wheelchair ?\" tabindex=\"-1\" >\n\t\t\tLes mer \"\t\t<\/a>\n\n\t\t\t\t<\/div>\n\t\t\t\t<\/article>\n\t\t\t\t<article class=\"elementor-post elementor-grid-item post-3850 post type-post status-publish format-standard has-post-thumbnail hentry category-blog\" role=\"listitem\">\n\t\t\t\t<a class=\"elementor-post__thumbnail__link\" href=\"https:\/\/heabenswheelchair.com\/nb\/blog\/topp-10-rullestolprodusenter-i-kina\/\" tabindex=\"-1\" >\n\t\t\t<div class=\"elementor-post__thumbnail\"><img loading=\"lazy\" decoding=\"async\" width=\"1600\" height=\"1200\" src=\"https:\/\/heabenswheelchair.com\/wp-content\/uploads\/2024\/07\/HEABENS-wheelchair-0081.webp\" class=\"attachment-full size-full wp-image-3851\" alt=\"HEABENS Medical\" srcset=\"https:\/\/heabenswheelchair.com\/wp-content\/uploads\/2024\/07\/HEABENS-wheelchair-0081.webp 1600w, https:\/\/heabenswheelchair.com\/wp-content\/uploads\/2024\/07\/HEABENS-wheelchair-0081-300x225.webp 300w, https:\/\/heabenswheelchair.com\/wp-content\/uploads\/2024\/07\/HEABENS-wheelchair-0081-1024x768.webp 1024w, https:\/\/heabenswheelchair.com\/wp-content\/uploads\/2024\/07\/HEABENS-wheelchair-0081-768x576.webp 768w, https:\/\/heabenswheelchair.com\/wp-content\/uploads\/2024\/07\/HEABENS-wheelchair-0081-1536x1152.webp 1536w\" sizes=\"(max-width: 1600px) 100vw, 1600px\" \/><\/div>\n\t\t<\/a>\n\t\t\t\t<div class=\"elementor-post__text\">\n\t\t\t\t<h3 class=\"elementor-post__title\">\n\t\t\t<a href=\"https:\/\/heabenswheelchair.com\/nb\/blog\/topp-10-rullestolprodusenter-i-kina\/\" >\n\t\t\t\tTopp 10 rullestolfabrikk i Kina\t\t\t<\/a>\n\t\t<\/h3>\n\t\t\t\t<div class=\"elementor-post__excerpt\">\n\t\t\t<p>Tips for import av elektriske rullestoler fra Kina, HEABENS medisinske rullestoler gir deg garantert valuta for pengene.<\/p>\n\t\t<\/div>\n\t\t\n\t\t<a class=\"elementor-post__read-more\" href=\"https:\/\/heabenswheelchair.com\/nb\/blog\/topp-10-rullestolprodusenter-i-kina\/\" aria-label=\"Read more about Top 10 Wheelchair Factory in China\" tabindex=\"-1\" >\n\t\t\tLes mer \"\t\t<\/a>\n\n\t\t\t\t<\/div>\n\t\t\t\t<\/article>\n\t\t\t\t<\/div>\n\t\t\n\t\t\t\t<div class=\"e-load-more-anchor\" data-page=\"1\" data-max-page=\"2\" data-next-page=\"https:\/\/heabenswheelchair.com\/nb\/wp-json\/wp\/v2\/pages\/56\/page\/2\/\"><\/div>\n\t\t\t\t<nav class=\"elementor-pagination\" aria-label=\"Pagination\">\n\t\t\t<span class=\"page-numbers prev\">\" Tidligere<\/span>\n<a class=\"page-numbers next\" href=\"https:\/\/heabenswheelchair.com\/nb\/wp-json\/wp\/v2\/pages\/56\/page\/2\/\">Neste \"<\/a>\t\t<\/nav>\n\t\t\t\t\t\t<\/div>\n\t\t\t\t<\/div>\n\t\t\t\t\t<\/div>\n\t\t\t\t<\/div>\n\t\t\t\t<\/div>","protected":false},"excerpt":{"rendered":"<p>Blog Share industry news on medical rehabilitation equipment, and update dynamic consultation on HEABENS Medical.<\/p>","protected":false},"author":1,"featured_media":4647,"parent":0,"menu_order":0,"comment_status":"closed","ping_status":"closed","template":"","meta":{"footnotes":""},"class_list":["post-56","page","type-page","status-publish","has-post-thumbnail","hentry"],"yoast_head":"<!-- This site is optimized with the Yoast SEO plugin v26.7 - https:\/\/yoast.com\/wordpress\/plugins\/seo\/ -->\n<title>Blog &amp; News | HEABENS Medical Wheel Chair Compay<\/title>\n<meta name=\"description\" content=\"HEABENS Medical Blog\/News - More than just a power wheelchair or manual wheelchair, it is an opportunity to live a happy, independent life.\" \/>\n<meta name=\"robots\" content=\"index, follow, max-snippet:-1, max-image-preview:large, max-video-preview:-1\" \/>\n<link rel=\"canonical\" href=\"https:\/\/heabenswheelchair.com\/nb\/blog\/\" \/>\n<meta property=\"og:locale\" content=\"nb_NO\" \/>\n<meta property=\"og:type\" content=\"article\" \/>\n<meta property=\"og:title\" content=\"Blog &amp; News | HEABENS Medical Wheel Chair Compay\" \/>\n<meta property=\"og:description\" content=\"HEABENS Medical Blog\/News - More than just a power wheelchair or manual wheelchair, it is an opportunity to live a happy, independent life.\" \/>\n<meta property=\"og:url\" content=\"https:\/\/heabenswheelchair.com\/nb\/blog\/\" \/>\n<meta property=\"og:site_name\" content=\"HEABENS Wheelchair\" \/>\n<meta property=\"article:modified_time\" content=\"2025-04-28T08:07:53+00:00\" \/>\n<meta property=\"og:image\" content=\"https:\/\/heabenswheelchair.com\/wp-content\/uploads\/2024\/05\/0014_80.avif\" \/>\n\t<meta property=\"og:image:width\" content=\"800\" \/>\n\t<meta property=\"og:image:height\" content=\"800\" \/>\n\t<meta property=\"og:image:type\" content=\"image\/jpeg\" \/>\n<meta name=\"twitter:card\" content=\"summary_large_image\" \/>\n<meta name=\"twitter:label1\" content=\"Ansl. lesetid\" \/>\n\t<meta name=\"twitter:data1\" content=\"1 minutt\" \/>\n<script type=\"application\/ld+json\" class=\"yoast-schema-graph\">{\"@context\":\"https:\/\/schema.org\",\"@graph\":[{\"@type\":\"WebPage\",\"@id\":\"https:\/\/heabenswheelchair.com\/blog\/\",\"url\":\"https:\/\/heabenswheelchair.com\/blog\/\",\"name\":\"Blog & News | HEABENS Medical Wheel Chair Compay\",\"isPartOf\":{\"@id\":\"https:\/\/heabenswheelchair.com\/#website\"},\"primaryImageOfPage\":{\"@id\":\"https:\/\/heabenswheelchair.com\/blog\/#primaryimage\"},\"image\":{\"@id\":\"https:\/\/heabenswheelchair.com\/blog\/#primaryimage\"},\"thumbnailUrl\":\"https:\/\/heabenswheelchair.com\/wp-content\/uploads\/2024\/05\/0014_80.avif\",\"datePublished\":\"2024-04-17T02:31:17+00:00\",\"dateModified\":\"2025-04-28T08:07:53+00:00\",\"description\":\"HEABENS Medical Blog\/News - More than just a power wheelchair or manual wheelchair, it is an opportunity to live a happy, independent life.\",\"breadcrumb\":{\"@id\":\"https:\/\/heabenswheelchair.com\/blog\/#breadcrumb\"},\"inLanguage\":\"nb-NO\",\"potentialAction\":[{\"@type\":\"ReadAction\",\"target\":[\"https:\/\/heabenswheelchair.com\/blog\/\"]}]},{\"@type\":\"ImageObject\",\"inLanguage\":\"nb-NO\",\"@id\":\"https:\/\/heabenswheelchair.com\/blog\/#primaryimage\",\"url\":\"https:\/\/heabenswheelchair.com\/wp-content\/uploads\/2024\/05\/0014_80.avif\",\"contentUrl\":\"https:\/\/heabenswheelchair.com\/wp-content\/uploads\/2024\/05\/0014_80.avif\",\"width\":800,\"height\":800,\"caption\":\"HEABENS electric mobility chairs\"},{\"@type\":\"BreadcrumbList\",\"@id\":\"https:\/\/heabenswheelchair.com\/blog\/#breadcrumb\",\"itemListElement\":[{\"@type\":\"ListItem\",\"position\":1,\"name\":\"Home\",\"item\":\"https:\/\/heabenswheelchair.com\/\"},{\"@type\":\"ListItem\",\"position\":2,\"name\":\"Blog\"}]},{\"@type\":\"WebSite\",\"@id\":\"https:\/\/heabenswheelchair.com\/#website\",\"url\":\"https:\/\/heabenswheelchair.com\/\",\"name\":\"HEABENS Wheelchair\",\"description\":\"electric wheelchair, manual Wheelchair\",\"publisher\":{\"@id\":\"https:\/\/heabenswheelchair.com\/#organization\"},\"potentialAction\":[{\"@type\":\"SearchAction\",\"target\":{\"@type\":\"EntryPoint\",\"urlTemplate\":\"https:\/\/heabenswheelchair.com\/?s={search_term_string}\"},\"query-input\":{\"@type\":\"PropertyValueSpecification\",\"valueRequired\":true,\"valueName\":\"search_term_string\"}}],\"inLanguage\":\"nb-NO\"},{\"@type\":\"Organization\",\"@id\":\"https:\/\/heabenswheelchair.com\/#organization\",\"name\":\"HEABENS Wheelchair\",\"url\":\"https:\/\/heabenswheelchair.com\/\",\"logo\":{\"@type\":\"ImageObject\",\"inLanguage\":\"nb-NO\",\"@id\":\"https:\/\/heabenswheelchair.com\/#\/schema\/logo\/image\/\",\"url\":\"https:\/\/heabenswheelchair.com\/wp-content\/uploads\/2024\/03\/logo-150.png\",\"contentUrl\":\"https:\/\/heabenswheelchair.com\/wp-content\/uploads\/2024\/03\/logo-150.png\",\"width\":293,\"height\":100,\"caption\":\"HEABENS Wheelchair\"},\"image\":{\"@id\":\"https:\/\/heabenswheelchair.com\/#\/schema\/logo\/image\/\"}}]}<\/script>\n<!-- \/ Yoast SEO plugin. -->","yoast_head_json":{"title":"Blogg og nyheter | HEABENS Medical Wheel Chair Compay","description":"HEABENS Medical Blog\/News - Mer enn bare en elektrisk eller manuell rullestol, det er en mulighet til \u00e5 leve et lykkelig og selvstendig liv.","robots":{"index":"index","follow":"follow","max-snippet":"max-snippet:-1","max-image-preview":"max-image-preview:large","max-video-preview":"max-video-preview:-1"},"canonical":"https:\/\/heabenswheelchair.com\/nb\/blog\/","og_locale":"nb_NO","og_type":"article","og_title":"Blog & News | HEABENS Medical Wheel Chair Compay","og_description":"HEABENS Medical Blog\/News - More than just a power wheelchair or manual wheelchair, it is an opportunity to live a happy, independent life.","og_url":"https:\/\/heabenswheelchair.com\/nb\/blog\/","og_site_name":"HEABENS Wheelchair","article_modified_time":"2025-04-28T08:07:53+00:00","og_image":[{"width":800,"height":800,"url":"https:\/\/heabenswheelchair.com\/wp-content\/uploads\/2024\/05\/0014_80.avif","type":"image\/jpeg"}],"twitter_card":"summary_large_image","twitter_misc":{"Ansl. lesetid":"1 minutt"},"schema":{"@context":"https:\/\/schema.org","@graph":[{"@type":"WebPage","@id":"https:\/\/heabenswheelchair.com\/blog\/","url":"https:\/\/heabenswheelchair.com\/blog\/","name":"Blogg og nyheter | HEABENS Medical Wheel Chair Compay","isPartOf":{"@id":"https:\/\/heabenswheelchair.com\/#website"},"primaryImageOfPage":{"@id":"https:\/\/heabenswheelchair.com\/blog\/#primaryimage"},"image":{"@id":"https:\/\/heabenswheelchair.com\/blog\/#primaryimage"},"thumbnailUrl":"https:\/\/heabenswheelchair.com\/wp-content\/uploads\/2024\/05\/0014_80.avif","datePublished":"2024-04-17T02:31:17+00:00","dateModified":"2025-04-28T08:07:53+00:00","description":"HEABENS Medical Blog\/News - Mer enn bare en elektrisk eller manuell rullestol, det er en mulighet til \u00e5 leve et lykkelig og selvstendig liv.","breadcrumb":{"@id":"https:\/\/heabenswheelchair.com\/blog\/#breadcrumb"},"inLanguage":"nb-NO","potentialAction":[{"@type":"ReadAction","target":["https:\/\/heabenswheelchair.com\/blog\/"]}]},{"@type":"ImageObject","inLanguage":"nb-NO","@id":"https:\/\/heabenswheelchair.com\/blog\/#primaryimage","url":"https:\/\/heabenswheelchair.com\/wp-content\/uploads\/2024\/05\/0014_80.avif","contentUrl":"https:\/\/heabenswheelchair.com\/wp-content\/uploads\/2024\/05\/0014_80.avif","width":800,"height":800,"caption":"HEABENS electric mobility chairs"},{"@type":"BreadcrumbList","@id":"https:\/\/heabenswheelchair.com\/blog\/#breadcrumb","itemListElement":[{"@type":"ListItem","position":1,"name":"Home","item":"https:\/\/heabenswheelchair.com\/"},{"@type":"ListItem","position":2,"name":"Blog"}]},{"@type":"WebSite","@id":"https:\/\/heabenswheelchair.com\/#website","url":"https:\/\/heabenswheelchair.com\/","name":"HEABENS Rullestol","description":"elektrisk rullestol, manuell rullestol","publisher":{"@id":"https:\/\/heabenswheelchair.com\/#organization"},"potentialAction":[{"@type":"SearchAction","target":{"@type":"EntryPoint","urlTemplate":"https:\/\/heabenswheelchair.com\/?s={search_term_string}"},"query-input":{"@type":"PropertyValueSpecification","valueRequired":true,"valueName":"search_term_string"}}],"inLanguage":"nb-NO"},{"@type":"Organization","@id":"https:\/\/heabenswheelchair.com\/#organization","name":"HEABENS Rullestol","url":"https:\/\/heabenswheelchair.com\/","logo":{"@type":"ImageObject","inLanguage":"nb-NO","@id":"https:\/\/heabenswheelchair.com\/#\/schema\/logo\/image\/","url":"https:\/\/heabenswheelchair.com\/wp-content\/uploads\/2024\/03\/logo-150.png","contentUrl":"https:\/\/heabenswheelchair.com\/wp-content\/uploads\/2024\/03\/logo-150.png","width":293,"height":100,"caption":"HEABENS Wheelchair"},"image":{"@id":"https:\/\/heabenswheelchair.com\/#\/schema\/logo\/image\/"}}]}},"_links":{"self":[{"href":"https:\/\/heabenswheelchair.com\/nb\/wp-json\/wp\/v2\/pages\/56","targetHints":{"allow":["GET"]}}],"collection":[{"href":"https:\/\/heabenswheelchair.com\/nb\/wp-json\/wp\/v2\/pages"}],"about":[{"href":"https:\/\/heabenswheelchair.com\/nb\/wp-json\/wp\/v2\/types\/page"}],"author":[{"embeddable":true,"href":"https:\/\/heabenswheelchair.com\/nb\/wp-json\/wp\/v2\/users\/1"}],"replies":[{"embeddable":true,"href":"https:\/\/heabenswheelchair.com\/nb\/wp-json\/wp\/v2\/comments?post=56"}],"version-history":[{"count":68,"href":"https:\/\/heabenswheelchair.com\/nb\/wp-json\/wp\/v2\/pages\/56\/revisions"}],"predecessor-version":[{"id":3126,"href":"https:\/\/heabenswheelchair.com\/nb\/wp-json\/wp\/v2\/pages\/56\/revisions\/3126"}],"wp:featuredmedia":[{"embeddable":true,"href":"https:\/\/heabenswheelchair.com\/nb\/wp-json\/wp\/v2\/media\/4647"}],"wp:attachment":[{"href":"https:\/\/heabenswheelchair.com\/nb\/wp-json\/wp\/v2\/media?parent=56"}],"curies":[{"name":"wp","href":"https:\/\/api.w.org\/{rel}","templated":true}]}}