{"id":56,"date":"2024-04-17T10:31:17","date_gmt":"2024-04-17T02:31:17","guid":{"rendered":"https:\/\/heabenswheelchair.com\/?page_id=56"},"modified":"2025-04-28T16:07:53","modified_gmt":"2025-04-28T08:07:53","slug":"blog","status":"publish","type":"page","link":"https:\/\/heabenswheelchair.com\/fr\/blog\/","title":{"rendered":"Blog"},"content":{"rendered":"<div data-elementor-type=\"wp-page\" data-elementor-id=\"56\" class=\"elementor elementor-56\" data-elementor-post-type=\"page\">\n\t\t\t\t<div class=\"elementor-element elementor-element-7d9d2962 e-flex e-con-boxed e-con e-parent\" data-id=\"7d9d2962\" data-element_type=\"container\" data-settings=\"{&quot;background_background&quot;:&quot;classic&quot;}\">\n\t\t\t\t\t<div class=\"e-con-inner\">\n\t\t\t\t<div class=\"elementor-element elementor-element-732b404a elementor-widget elementor-widget-heading\" data-id=\"732b404a\" data-element_type=\"widget\" data-widget_type=\"heading.default\">\n\t\t\t\t<div class=\"elementor-widget-container\">\n\t\t\t\t\t<h2 class=\"elementor-heading-title elementor-size-default\">Blog<\/h2>\t\t\t\t<\/div>\n\t\t\t\t<\/div>\n\t\t\t\t<div class=\"elementor-element elementor-element-df0b37f elementor-widget elementor-widget-text-editor\" data-id=\"df0b37f\" data-element_type=\"widget\" data-widget_type=\"text-editor.default\">\n\t\t\t\t<div class=\"elementor-widget-container\">\n\t\t\t\t\t\t\t\t\t<p>Partagez l'actualit\u00e9 de l'industrie des \u00e9quipements de r\u00e9adaptation m\u00e9dicale et mettez \u00e0 jour les consultations dynamiques sur HEABENS Medical.<\/p>\t\t\t\t\t\t\t\t<\/div>\n\t\t\t\t<\/div>\n\t\t\t\t\t<\/div>\n\t\t\t\t<\/div>\n\t\t<div class=\"elementor-element elementor-element-60d01b5 e-flex e-con-boxed e-con e-parent\" data-id=\"60d01b5\" data-element_type=\"container\">\n\t\t\t\t\t<div class=\"e-con-inner\">\n\t\t\t\t<div class=\"elementor-element elementor-element-c0c3633 elementor-grid-2 elementor-grid-tablet-2 elementor-grid-mobile-1 elementor-posts--thumbnail-top elementor-widget elementor-widget-posts\" data-id=\"c0c3633\" data-element_type=\"widget\" data-settings=\"{&quot;classic_columns&quot;:&quot;2&quot;,&quot;pagination_type&quot;:&quot;prev_next&quot;,&quot;classic_columns_tablet&quot;:&quot;2&quot;,&quot;classic_columns_mobile&quot;:&quot;1&quot;,&quot;classic_row_gap&quot;:{&quot;unit&quot;:&quot;px&quot;,&quot;size&quot;:35,&quot;sizes&quot;:[]},&quot;classic_row_gap_tablet&quot;:{&quot;unit&quot;:&quot;px&quot;,&quot;size&quot;:&quot;&quot;,&quot;sizes&quot;:[]},&quot;classic_row_gap_mobile&quot;:{&quot;unit&quot;:&quot;px&quot;,&quot;size&quot;:&quot;&quot;,&quot;sizes&quot;:[]}}\" data-widget_type=\"posts.classic\">\n\t\t\t\t<div class=\"elementor-widget-container\">\n\t\t\t\t\t\t\t<div class=\"elementor-posts-container elementor-posts elementor-posts--skin-classic elementor-grid\" role=\"list\">\n\t\t\t\t<article class=\"elementor-post elementor-grid-item post-4388 post type-post status-publish format-standard has-post-thumbnail hentry category-blog\" role=\"listitem\">\n\t\t\t\t<a class=\"elementor-post__thumbnail__link\" href=\"https:\/\/heabenswheelchair.com\/fr\/blog\/mise-a-niveau-du-moteur-sans-balais-pour-fauteuil-roulant-electrique\/\" tabindex=\"-1\" >\n\t\t\t<div class=\"elementor-post__thumbnail\"><img fetchpriority=\"high\" decoding=\"async\" width=\"800\" height=\"600\" src=\"https:\/\/heabenswheelchair.com\/wp-content\/uploads\/2025\/02\/0081-indoor-electric-wheelchair.avif\" class=\"attachment-full size-full wp-image-4387\" alt=\"fauteuil roulant \u00e9lectrique pliable HBS0081\" srcset=\"https:\/\/heabenswheelchair.com\/wp-content\/uploads\/2025\/02\/0081-indoor-electric-wheelchair.avif 800w, https:\/\/heabenswheelchair.com\/wp-content\/uploads\/2025\/02\/0081-indoor-electric-wheelchair-300x225.avif 300w, https:\/\/heabenswheelchair.com\/wp-content\/uploads\/2025\/02\/0081-indoor-electric-wheelchair-768x576.avif 768w, https:\/\/heabenswheelchair.com\/wp-content\/uploads\/2025\/02\/0081-indoor-electric-wheelchair-16x12.avif 16w\" sizes=\"(max-width: 800px) 100vw, 800px\" \/><\/div>\n\t\t<\/a>\n\t\t\t\t<div class=\"elementor-post__text\">\n\t\t\t\t<h3 class=\"elementor-post__title\">\n\t\t\t<a href=\"https:\/\/heabenswheelchair.com\/fr\/blog\/mise-a-niveau-du-moteur-sans-balais-pour-fauteuil-roulant-electrique\/\" >\n\t\t\t\tFauteuil roulant \u00e9lectrique \u00e0 moteur sans balai\t\t\t<\/a>\n\t\t<\/h3>\n\t\t\t\t<div class=\"elementor-post__excerpt\">\n\t\t\t<p>Le moteur \u00e0 courant continu sans balais vaut-il la peine d'\u00eatre achet\u00e9 ? Si vous recherchez la performance et la long\u00e9vit\u00e9 dans votre fauteuil roulant, ils en valent vraiment la peine. Les moteurs sans balais pr\u00e9sentent des avantages ind\u00e9niables par rapport aux moteurs \u00e0 balais, et ils constituent un investissement solide pour les passionn\u00e9s \u00e0 la recherche d'une meilleure exp\u00e9rience de conduite.<\/p>\n\t\t<\/div>\n\t\t\n\t\t<a class=\"elementor-post__read-more\" href=\"https:\/\/heabenswheelchair.com\/fr\/blog\/mise-a-niveau-du-moteur-sans-balais-pour-fauteuil-roulant-electrique\/\" aria-label=\"En savoir plus sur Upgrade brushless motor electric wheelchair\" tabindex=\"-1\" >\n\t\t\tLire la suite \"\t\t<\/a>\n\n\t\t\t\t<\/div>\n\t\t\t\t<\/article>\n\t\t\t\t<article class=\"elementor-post elementor-grid-item post-4179 post type-post status-publish format-standard has-post-thumbnail hentry category-blog\" role=\"listitem\">\n\t\t\t\t<a class=\"elementor-post__thumbnail__link\" href=\"https:\/\/heabenswheelchair.com\/fr\/blog\/la-semaine-russe-des-soins-de-sante-2024-sest-terminee-avec-succes\/\" tabindex=\"-1\" >\n\t\t\t<div class=\"elementor-post__thumbnail\"><img decoding=\"async\" width=\"800\" height=\"600\" src=\"https:\/\/heabenswheelchair.com\/wp-content\/uploads\/2024\/12\/Group-photo-with-customers-at-Russian-Health-Week-2024.webp\" class=\"attachment-full size-full wp-image-4177\" alt=\"HEABENS medical \u00e0 la Semaine russe de la sant\u00e9 2024\" srcset=\"https:\/\/heabenswheelchair.com\/wp-content\/uploads\/2024\/12\/Group-photo-with-customers-at-Russian-Health-Week-2024.webp 800w, https:\/\/heabenswheelchair.com\/wp-content\/uploads\/2024\/12\/Group-photo-with-customers-at-Russian-Health-Week-2024-300x225.webp 300w, https:\/\/heabenswheelchair.com\/wp-content\/uploads\/2024\/12\/Group-photo-with-customers-at-Russian-Health-Week-2024-768x576.webp 768w, https:\/\/heabenswheelchair.com\/wp-content\/uploads\/2024\/12\/Group-photo-with-customers-at-Russian-Health-Week-2024-16x12.webp 16w\" sizes=\"(max-width: 800px) 100vw, 800px\" \/><\/div>\n\t\t<\/a>\n\t\t\t\t<div class=\"elementor-post__text\">\n\t\t\t\t<h3 class=\"elementor-post__title\">\n\t\t\t<a href=\"https:\/\/heabenswheelchair.com\/fr\/blog\/la-semaine-russe-des-soins-de-sante-2024-sest-terminee-avec-succes\/\" >\n\t\t\t\tLa Semaine de la sant\u00e9 en Russie 2024 s'est achev\u00e9e avec succ\u00e8s\t\t\t<\/a>\n\t\t<\/h3>\n\t\t\t\t<div class=\"elementor-post__excerpt\">\n\t\t\t<p>L'exposition s'est achev\u00e9e avec succ\u00e8s. Restez fid\u00e8les \u00e0 nos aspirations initiales et allez de l'avant.<\/p>\n\t\t<\/div>\n\t\t\n\t\t<a class=\"elementor-post__read-more\" href=\"https:\/\/heabenswheelchair.com\/fr\/blog\/la-semaine-russe-des-soins-de-sante-2024-sest-terminee-avec-succes\/\" aria-label=\"En savoir plus sur Russia Health Week 2024 concluded successfully\" tabindex=\"-1\" >\n\t\t\tLire la suite \"\t\t<\/a>\n\n\t\t\t\t<\/div>\n\t\t\t\t<\/article>\n\t\t\t\t<article class=\"elementor-post elementor-grid-item post-4155 post type-post status-publish format-standard has-post-thumbnail hentry category-blog\" role=\"listitem\">\n\t\t\t\t<a class=\"elementor-post__thumbnail__link\" href=\"https:\/\/heabenswheelchair.com\/fr\/blog\/semaine-des-soins-de-sante-en-russie-2024\/\" tabindex=\"-1\" >\n\t\t\t<div class=\"elementor-post__thumbnail\"><img decoding=\"async\" width=\"800\" height=\"600\" src=\"https:\/\/heabenswheelchair.com\/wp-content\/uploads\/2024\/10\/\u9080\u8bf7\u51fd3-jpg.avif\" class=\"attachment-full size-full wp-image-4161\" alt=\"\u042d\u043b\u0435\u043a\u0442\u0440\u0438\u0447\u0435\u0441\u043a\u0438\u0435 \u043a\u043e\u043b\u044f\u0441\u043a\u0438\" srcset=\"https:\/\/heabenswheelchair.com\/wp-content\/uploads\/2024\/10\/\u9080\u8bf7\u51fd3-jpg.avif 800w, https:\/\/heabenswheelchair.com\/wp-content\/uploads\/2024\/10\/\u9080\u8bf7\u51fd3-300x225.avif 300w, https:\/\/heabenswheelchair.com\/wp-content\/uploads\/2024\/10\/\u9080\u8bf7\u51fd3-768x576.avif 768w, https:\/\/heabenswheelchair.com\/wp-content\/uploads\/2024\/10\/\u9080\u8bf7\u51fd3-16x12.avif 16w\" sizes=\"(max-width: 800px) 100vw, 800px\" \/><\/div>\n\t\t<\/a>\n\t\t\t\t<div class=\"elementor-post__text\">\n\t\t\t\t<h3 class=\"elementor-post__title\">\n\t\t\t<a href=\"https:\/\/heabenswheelchair.com\/fr\/blog\/semaine-des-soins-de-sante-en-russie-2024\/\" >\n\t\t\t\tSEMAINE RUSSE DES SOINS DE SANT\u00c9 2024\t\t\t<\/a>\n\t\t<\/h3>\n\t\t\t\t<div class=\"elementor-post__excerpt\">\n\t\t\t<p>Xuzhou HEABENS Medical Technology Co. se r\u00e9jouit de vous rencontrer \u00e0 la Russian Health State Exhibition.<\/p>\n\t\t<\/div>\n\t\t\n\t\t<a class=\"elementor-post__read-more\" href=\"https:\/\/heabenswheelchair.com\/fr\/blog\/semaine-des-soins-de-sante-en-russie-2024\/\" aria-label=\"En savoir plus sur RUSSIAN HEALTH CARE WEEK 2024\" tabindex=\"-1\" >\n\t\t\tLire la suite \"\t\t<\/a>\n\n\t\t\t\t<\/div>\n\t\t\t\t<\/article>\n\t\t\t\t<article class=\"elementor-post elementor-grid-item post-4063 post type-post status-publish format-standard has-post-thumbnail hentry category-blog\" role=\"listitem\">\n\t\t\t\t<a class=\"elementor-post__thumbnail__link\" href=\"https:\/\/heabenswheelchair.com\/fr\/blog\/guide-dachat-des-meilleurs-fauteuils-roulants-electriques-pour-les-revendeurs\/\" tabindex=\"-1\" >\n\t\t\t<div class=\"elementor-post__thumbnail\"><img loading=\"lazy\" decoding=\"async\" width=\"1000\" height=\"1000\" src=\"https:\/\/heabenswheelchair.com\/wp-content\/uploads\/2024\/08\/motorized-wheelchair-0081-jpg.avif\" class=\"attachment-full size-full wp-image-4065\" alt=\"Fabricant de fauteuils roulants HEABENS\" srcset=\"https:\/\/heabenswheelchair.com\/wp-content\/uploads\/2024\/08\/motorized-wheelchair-0081-jpg.avif 1000w, https:\/\/heabenswheelchair.com\/wp-content\/uploads\/2024\/08\/motorized-wheelchair-0081-300x300.avif 300w, https:\/\/heabenswheelchair.com\/wp-content\/uploads\/2024\/08\/motorized-wheelchair-0081-150x150.avif 150w, https:\/\/heabenswheelchair.com\/wp-content\/uploads\/2024\/08\/motorized-wheelchair-0081-768x768.avif 768w\" sizes=\"(max-width: 1000px) 100vw, 1000px\" \/><\/div>\n\t\t<\/a>\n\t\t\t\t<div class=\"elementor-post__text\">\n\t\t\t\t<h3 class=\"elementor-post__title\">\n\t\t\t<a href=\"https:\/\/heabenswheelchair.com\/fr\/blog\/guide-dachat-des-meilleurs-fauteuils-roulants-electriques-pour-les-revendeurs\/\" >\n\t\t\t\tMeilleur fauteuil roulant \u00e9lectrique - Guide d'achat pour les revendeurs\t\t\t<\/a>\n\t\t<\/h3>\n\t\t\t\t<div class=\"elementor-post__excerpt\">\n\t\t\t<p>Les fabricants\/usines de fauteuils roulants \u00e9lectriques sont tr\u00e8s importants, non seulement pour augmenter les ventes, mais aussi pour r\u00e9duire les probl\u00e8mes de retour ou d'apr\u00e8s-vente.<\/p>\n\t\t<\/div>\n\t\t\n\t\t<a class=\"elementor-post__read-more\" href=\"https:\/\/heabenswheelchair.com\/fr\/blog\/guide-dachat-des-meilleurs-fauteuils-roulants-electriques-pour-les-revendeurs\/\" aria-label=\"En savoir plus sur Best Electric Wheelchair \u2013 Buying Guide for Dealers\" tabindex=\"-1\" >\n\t\t\tLire la suite \"\t\t<\/a>\n\n\t\t\t\t<\/div>\n\t\t\t\t<\/article>\n\t\t\t\t<article class=\"elementor-post elementor-grid-item post-3886 post type-post status-publish format-standard has-post-thumbnail hentry category-blog\" role=\"listitem\">\n\t\t\t\t<a class=\"elementor-post__thumbnail__link\" href=\"https:\/\/heabenswheelchair.com\/fr\/blog\/comment-choisir-un-fauteuil-roulant-electrique\/\" tabindex=\"-1\" >\n\t\t\t<div class=\"elementor-post__thumbnail\"><img loading=\"lazy\" decoding=\"async\" width=\"1920\" height=\"1427\" src=\"https:\/\/heabenswheelchair.com\/wp-content\/uploads\/2024\/03\/0014S_68-scaled.webp\" class=\"attachment-full size-full wp-image-3899\" alt=\"fauteuil roulant motoris\u00e9\" srcset=\"https:\/\/heabenswheelchair.com\/wp-content\/uploads\/2024\/03\/0014S_68-scaled.webp 1920w, https:\/\/heabenswheelchair.com\/wp-content\/uploads\/2024\/03\/0014S_68-300x223.webp 300w, https:\/\/heabenswheelchair.com\/wp-content\/uploads\/2024\/03\/0014S_68-1024x761.webp 1024w, https:\/\/heabenswheelchair.com\/wp-content\/uploads\/2024\/03\/0014S_68-768x571.webp 768w, https:\/\/heabenswheelchair.com\/wp-content\/uploads\/2024\/03\/0014S_68-1536x1142.webp 1536w\" sizes=\"(max-width: 1920px) 100vw, 1920px\" \/><\/div>\n\t\t<\/a>\n\t\t\t\t<div class=\"elementor-post__text\">\n\t\t\t\t<h3 class=\"elementor-post__title\">\n\t\t\t<a href=\"https:\/\/heabenswheelchair.com\/fr\/blog\/comment-choisir-un-fauteuil-roulant-electrique\/\" >\n\t\t\t\tComment choisir un fauteuil roulant \u00e9lectrique ?\t\t\t<\/a>\n\t\t<\/h3>\n\t\t\t\t<div class=\"elementor-post__excerpt\">\n\t\t\t<p>Le fauteuil roulant \u00e9lectrique est le type de fauteuil roulant qui offre le plus de possibilit\u00e9s d'autonomie et de mobilit\u00e9 dans la vie quotidienne.<\/p>\n\t\t<\/div>\n\t\t\n\t\t<a class=\"elementor-post__read-more\" href=\"https:\/\/heabenswheelchair.com\/fr\/blog\/comment-choisir-un-fauteuil-roulant-electrique\/\" aria-label=\"En savoir plus sur How do I choose\u00a0electric\u00a0wheelchair ?\" tabindex=\"-1\" >\n\t\t\tLire la suite \"\t\t<\/a>\n\n\t\t\t\t<\/div>\n\t\t\t\t<\/article>\n\t\t\t\t<article class=\"elementor-post elementor-grid-item post-3850 post type-post status-publish format-standard has-post-thumbnail hentry category-blog\" role=\"listitem\">\n\t\t\t\t<a class=\"elementor-post__thumbnail__link\" href=\"https:\/\/heabenswheelchair.com\/fr\/blog\/10-premiers-fabricants-de-fauteuils-roulants-en-chine\/\" tabindex=\"-1\" >\n\t\t\t<div class=\"elementor-post__thumbnail\"><img loading=\"lazy\" decoding=\"async\" width=\"1600\" height=\"1200\" src=\"https:\/\/heabenswheelchair.com\/wp-content\/uploads\/2024\/07\/HEABENS-wheelchair-0081.webp\" class=\"attachment-full size-full wp-image-3851\" alt=\"HEABENS M\u00e9dical\" srcset=\"https:\/\/heabenswheelchair.com\/wp-content\/uploads\/2024\/07\/HEABENS-wheelchair-0081.webp 1600w, https:\/\/heabenswheelchair.com\/wp-content\/uploads\/2024\/07\/HEABENS-wheelchair-0081-300x225.webp 300w, https:\/\/heabenswheelchair.com\/wp-content\/uploads\/2024\/07\/HEABENS-wheelchair-0081-1024x768.webp 1024w, https:\/\/heabenswheelchair.com\/wp-content\/uploads\/2024\/07\/HEABENS-wheelchair-0081-768x576.webp 768w, https:\/\/heabenswheelchair.com\/wp-content\/uploads\/2024\/07\/HEABENS-wheelchair-0081-1536x1152.webp 1536w\" sizes=\"(max-width: 1600px) 100vw, 1600px\" \/><\/div>\n\t\t<\/a>\n\t\t\t\t<div class=\"elementor-post__text\">\n\t\t\t\t<h3 class=\"elementor-post__title\">\n\t\t\t<a href=\"https:\/\/heabenswheelchair.com\/fr\/blog\/10-premiers-fabricants-de-fauteuils-roulants-en-chine\/\" >\n\t\t\t\tTop 10 des usines de fauteuils roulants en Chine\t\t\t<\/a>\n\t\t<\/h3>\n\t\t\t\t<div class=\"elementor-post__excerpt\">\n\t\t\t<p>Conseils pour importer des fauteuils roulants \u00e9lectriques de Chine, les fauteuils roulants m\u00e9dicaux HEABENS sont s\u00fbrs de vous en donner pour votre argent.<\/p>\n\t\t<\/div>\n\t\t\n\t\t<a class=\"elementor-post__read-more\" href=\"https:\/\/heabenswheelchair.com\/fr\/blog\/10-premiers-fabricants-de-fauteuils-roulants-en-chine\/\" aria-label=\"En savoir plus sur Top 10 Wheelchair Factory in China\" tabindex=\"-1\" >\n\t\t\tLire la suite \"\t\t<\/a>\n\n\t\t\t\t<\/div>\n\t\t\t\t<\/article>\n\t\t\t\t<\/div>\n\t\t\n\t\t\t\t<div class=\"e-load-more-anchor\" data-page=\"1\" data-max-page=\"2\" data-next-page=\"https:\/\/heabenswheelchair.com\/fr\/wp-json\/wp\/v2\/pages\/56\/page\/2\/\"><\/div>\n\t\t\t\t<nav class=\"elementor-pagination\" aria-label=\"Pagination\">\n\t\t\t<span class=\"page-numbers prev\">\" Pr\u00e9c\u00e9dent<\/span>\n<a class=\"page-numbers next\" href=\"https:\/\/heabenswheelchair.com\/fr\/wp-json\/wp\/v2\/pages\/56\/page\/2\/\">Suivant \"<\/a>\t\t<\/nav>\n\t\t\t\t\t\t<\/div>\n\t\t\t\t<\/div>\n\t\t\t\t\t<\/div>\n\t\t\t\t<\/div>\n\t\t\t\t<\/div>","protected":false},"excerpt":{"rendered":"<p>Blog Share industry news on medical rehabilitation equipment, and update dynamic consultation on HEABENS Medical.<\/p>","protected":false},"author":1,"featured_media":4647,"parent":0,"menu_order":0,"comment_status":"closed","ping_status":"closed","template":"","meta":{"footnotes":""},"class_list":["post-56","page","type-page","status-publish","has-post-thumbnail","hentry"],"yoast_head":"<!-- This site is optimized with the Yoast SEO plugin v26.7 - https:\/\/yoast.com\/wordpress\/plugins\/seo\/ -->\n<title>Blog &amp; News | HEABENS Medical Wheel Chair Compay<\/title>\n<meta name=\"description\" content=\"HEABENS Medical Blog\/News - More than just a power wheelchair or manual wheelchair, it is an opportunity to live a happy, independent life.\" \/>\n<meta name=\"robots\" content=\"index, follow, max-snippet:-1, max-image-preview:large, max-video-preview:-1\" \/>\n<link rel=\"canonical\" href=\"https:\/\/heabenswheelchair.com\/fr\/blog\/\" \/>\n<meta property=\"og:locale\" content=\"fr_FR\" \/>\n<meta property=\"og:type\" content=\"article\" \/>\n<meta property=\"og:title\" content=\"Blog &amp; News | HEABENS Medical Wheel Chair Compay\" \/>\n<meta property=\"og:description\" content=\"HEABENS Medical Blog\/News - More than just a power wheelchair or manual wheelchair, it is an opportunity to live a happy, independent life.\" \/>\n<meta property=\"og:url\" content=\"https:\/\/heabenswheelchair.com\/fr\/blog\/\" \/>\n<meta property=\"og:site_name\" content=\"HEABENS Wheelchair\" \/>\n<meta property=\"article:modified_time\" content=\"2025-04-28T08:07:53+00:00\" \/>\n<meta property=\"og:image\" content=\"https:\/\/heabenswheelchair.com\/wp-content\/uploads\/2024\/05\/0014_80.avif\" \/>\n\t<meta property=\"og:image:width\" content=\"800\" \/>\n\t<meta property=\"og:image:height\" content=\"800\" \/>\n\t<meta property=\"og:image:type\" content=\"image\/jpeg\" \/>\n<meta name=\"twitter:card\" content=\"summary_large_image\" \/>\n<meta name=\"twitter:label1\" content=\"Dur\u00e9e de lecture estim\u00e9e\" \/>\n\t<meta name=\"twitter:data1\" content=\"1 minute\" \/>\n<script type=\"application\/ld+json\" class=\"yoast-schema-graph\">{\"@context\":\"https:\/\/schema.org\",\"@graph\":[{\"@type\":\"WebPage\",\"@id\":\"https:\/\/heabenswheelchair.com\/blog\/\",\"url\":\"https:\/\/heabenswheelchair.com\/blog\/\",\"name\":\"Blog & News | HEABENS Medical Wheel Chair Compay\",\"isPartOf\":{\"@id\":\"https:\/\/heabenswheelchair.com\/#website\"},\"primaryImageOfPage\":{\"@id\":\"https:\/\/heabenswheelchair.com\/blog\/#primaryimage\"},\"image\":{\"@id\":\"https:\/\/heabenswheelchair.com\/blog\/#primaryimage\"},\"thumbnailUrl\":\"https:\/\/heabenswheelchair.com\/wp-content\/uploads\/2024\/05\/0014_80.avif\",\"datePublished\":\"2024-04-17T02:31:17+00:00\",\"dateModified\":\"2025-04-28T08:07:53+00:00\",\"description\":\"HEABENS Medical Blog\/News - More than just a power wheelchair or manual wheelchair, it is an opportunity to live a happy, independent life.\",\"breadcrumb\":{\"@id\":\"https:\/\/heabenswheelchair.com\/blog\/#breadcrumb\"},\"inLanguage\":\"fr-FR\",\"potentialAction\":[{\"@type\":\"ReadAction\",\"target\":[\"https:\/\/heabenswheelchair.com\/blog\/\"]}]},{\"@type\":\"ImageObject\",\"inLanguage\":\"fr-FR\",\"@id\":\"https:\/\/heabenswheelchair.com\/blog\/#primaryimage\",\"url\":\"https:\/\/heabenswheelchair.com\/wp-content\/uploads\/2024\/05\/0014_80.avif\",\"contentUrl\":\"https:\/\/heabenswheelchair.com\/wp-content\/uploads\/2024\/05\/0014_80.avif\",\"width\":800,\"height\":800,\"caption\":\"HEABENS electric mobility chairs\"},{\"@type\":\"BreadcrumbList\",\"@id\":\"https:\/\/heabenswheelchair.com\/blog\/#breadcrumb\",\"itemListElement\":[{\"@type\":\"ListItem\",\"position\":1,\"name\":\"Home\",\"item\":\"https:\/\/heabenswheelchair.com\/\"},{\"@type\":\"ListItem\",\"position\":2,\"name\":\"Blog\"}]},{\"@type\":\"WebSite\",\"@id\":\"https:\/\/heabenswheelchair.com\/#website\",\"url\":\"https:\/\/heabenswheelchair.com\/\",\"name\":\"HEABENS Wheelchair\",\"description\":\"electric wheelchair, manual Wheelchair\",\"publisher\":{\"@id\":\"https:\/\/heabenswheelchair.com\/#organization\"},\"potentialAction\":[{\"@type\":\"SearchAction\",\"target\":{\"@type\":\"EntryPoint\",\"urlTemplate\":\"https:\/\/heabenswheelchair.com\/?s={search_term_string}\"},\"query-input\":{\"@type\":\"PropertyValueSpecification\",\"valueRequired\":true,\"valueName\":\"search_term_string\"}}],\"inLanguage\":\"fr-FR\"},{\"@type\":\"Organization\",\"@id\":\"https:\/\/heabenswheelchair.com\/#organization\",\"name\":\"HEABENS Wheelchair\",\"url\":\"https:\/\/heabenswheelchair.com\/\",\"logo\":{\"@type\":\"ImageObject\",\"inLanguage\":\"fr-FR\",\"@id\":\"https:\/\/heabenswheelchair.com\/#\/schema\/logo\/image\/\",\"url\":\"https:\/\/heabenswheelchair.com\/wp-content\/uploads\/2024\/03\/logo-150.png\",\"contentUrl\":\"https:\/\/heabenswheelchair.com\/wp-content\/uploads\/2024\/03\/logo-150.png\",\"width\":293,\"height\":100,\"caption\":\"HEABENS Wheelchair\"},\"image\":{\"@id\":\"https:\/\/heabenswheelchair.com\/#\/schema\/logo\/image\/\"}}]}<\/script>\n<!-- \/ Yoast SEO plugin. -->","yoast_head_json":{"title":"Blog &amp; News | HEABENS Entreprise de Fauteuils Roulants M\u00e9dicaux","description":"HEABENS Medical Blog\/News - Plus qu'un simple fauteuil roulant \u00e9lectrique ou manuel, c'est une opportunit\u00e9 de vivre une vie heureuse et ind\u00e9pendante.","robots":{"index":"index","follow":"follow","max-snippet":"max-snippet:-1","max-image-preview":"max-image-preview:large","max-video-preview":"max-video-preview:-1"},"canonical":"https:\/\/heabenswheelchair.com\/fr\/blog\/","og_locale":"fr_FR","og_type":"article","og_title":"Blog & News | HEABENS Medical Wheel Chair Compay","og_description":"HEABENS Medical Blog\/News - More than just a power wheelchair or manual wheelchair, it is an opportunity to live a happy, independent life.","og_url":"https:\/\/heabenswheelchair.com\/fr\/blog\/","og_site_name":"HEABENS Wheelchair","article_modified_time":"2025-04-28T08:07:53+00:00","og_image":[{"width":800,"height":800,"url":"https:\/\/heabenswheelchair.com\/wp-content\/uploads\/2024\/05\/0014_80.avif","type":"image\/jpeg"}],"twitter_card":"summary_large_image","twitter_misc":{"Dur\u00e9e de lecture estim\u00e9e":"1 minute"},"schema":{"@context":"https:\/\/schema.org","@graph":[{"@type":"WebPage","@id":"https:\/\/heabenswheelchair.com\/blog\/","url":"https:\/\/heabenswheelchair.com\/blog\/","name":"Blog &amp; News | HEABENS Entreprise de Fauteuils Roulants M\u00e9dicaux","isPartOf":{"@id":"https:\/\/heabenswheelchair.com\/#website"},"primaryImageOfPage":{"@id":"https:\/\/heabenswheelchair.com\/blog\/#primaryimage"},"image":{"@id":"https:\/\/heabenswheelchair.com\/blog\/#primaryimage"},"thumbnailUrl":"https:\/\/heabenswheelchair.com\/wp-content\/uploads\/2024\/05\/0014_80.avif","datePublished":"2024-04-17T02:31:17+00:00","dateModified":"2025-04-28T08:07:53+00:00","description":"HEABENS Medical Blog\/News - Plus qu'un simple fauteuil roulant \u00e9lectrique ou manuel, c'est une opportunit\u00e9 de vivre une vie heureuse et ind\u00e9pendante.","breadcrumb":{"@id":"https:\/\/heabenswheelchair.com\/blog\/#breadcrumb"},"inLanguage":"fr-FR","potentialAction":[{"@type":"ReadAction","target":["https:\/\/heabenswheelchair.com\/blog\/"]}]},{"@type":"ImageObject","inLanguage":"fr-FR","@id":"https:\/\/heabenswheelchair.com\/blog\/#primaryimage","url":"https:\/\/heabenswheelchair.com\/wp-content\/uploads\/2024\/05\/0014_80.avif","contentUrl":"https:\/\/heabenswheelchair.com\/wp-content\/uploads\/2024\/05\/0014_80.avif","width":800,"height":800,"caption":"HEABENS electric mobility chairs"},{"@type":"BreadcrumbList","@id":"https:\/\/heabenswheelchair.com\/blog\/#breadcrumb","itemListElement":[{"@type":"ListItem","position":1,"name":"Home","item":"https:\/\/heabenswheelchair.com\/"},{"@type":"ListItem","position":2,"name":"Blog"}]},{"@type":"WebSite","@id":"https:\/\/heabenswheelchair.com\/#website","url":"https:\/\/heabenswheelchair.com\/","name":"Fauteuil roulant HEABENS","description":"fauteuil roulant \u00e9lectrique, fauteuil roulant manuel","publisher":{"@id":"https:\/\/heabenswheelchair.com\/#organization"},"potentialAction":[{"@type":"SearchAction","target":{"@type":"EntryPoint","urlTemplate":"https:\/\/heabenswheelchair.com\/?s={search_term_string}"},"query-input":{"@type":"PropertyValueSpecification","valueRequired":true,"valueName":"search_term_string"}}],"inLanguage":"fr-FR"},{"@type":"Organization","@id":"https:\/\/heabenswheelchair.com\/#organization","name":"Fauteuil roulant HEABENS","url":"https:\/\/heabenswheelchair.com\/","logo":{"@type":"ImageObject","inLanguage":"fr-FR","@id":"https:\/\/heabenswheelchair.com\/#\/schema\/logo\/image\/","url":"https:\/\/heabenswheelchair.com\/wp-content\/uploads\/2024\/03\/logo-150.png","contentUrl":"https:\/\/heabenswheelchair.com\/wp-content\/uploads\/2024\/03\/logo-150.png","width":293,"height":100,"caption":"HEABENS Wheelchair"},"image":{"@id":"https:\/\/heabenswheelchair.com\/#\/schema\/logo\/image\/"}}]}},"_links":{"self":[{"href":"https:\/\/heabenswheelchair.com\/fr\/wp-json\/wp\/v2\/pages\/56","targetHints":{"allow":["GET"]}}],"collection":[{"href":"https:\/\/heabenswheelchair.com\/fr\/wp-json\/wp\/v2\/pages"}],"about":[{"href":"https:\/\/heabenswheelchair.com\/fr\/wp-json\/wp\/v2\/types\/page"}],"author":[{"embeddable":true,"href":"https:\/\/heabenswheelchair.com\/fr\/wp-json\/wp\/v2\/users\/1"}],"replies":[{"embeddable":true,"href":"https:\/\/heabenswheelchair.com\/fr\/wp-json\/wp\/v2\/comments?post=56"}],"version-history":[{"count":68,"href":"https:\/\/heabenswheelchair.com\/fr\/wp-json\/wp\/v2\/pages\/56\/revisions"}],"predecessor-version":[{"id":3126,"href":"https:\/\/heabenswheelchair.com\/fr\/wp-json\/wp\/v2\/pages\/56\/revisions\/3126"}],"wp:featuredmedia":[{"embeddable":true,"href":"https:\/\/heabenswheelchair.com\/fr\/wp-json\/wp\/v2\/media\/4647"}],"wp:attachment":[{"href":"https:\/\/heabenswheelchair.com\/fr\/wp-json\/wp\/v2\/media?parent=56"}],"curies":[{"name":"wp","href":"https:\/\/api.w.org\/{rel}","templated":true}]}}