{"id":465,"date":"2024-04-27T15:14:42","date_gmt":"2024-04-27T07:14:42","guid":{"rendered":"https:\/\/heabenswheelchair.com\/?page_id=465"},"modified":"2025-08-12T13:59:26","modified_gmt":"2025-08-12T05:59:26","slug":"electric-mobility-scooter","status":"publish","type":"page","link":"https:\/\/heabenswheelchair.com\/fr\/scooter-mobile-electrique\/","title":{"rendered":"Scooter de mobilit\u00e9"},"content":{"rendered":"<div data-elementor-type=\"wp-page\" data-elementor-id=\"465\" class=\"elementor elementor-465\" data-elementor-post-type=\"page\">\n\t\t\t\t<div class=\"elementor-element elementor-element-952f402 e-flex e-con-boxed e-con e-parent\" data-id=\"952f402\" data-element_type=\"container\" data-settings=\"{&quot;background_background&quot;:&quot;classic&quot;}\">\n\t\t\t\t\t<div class=\"e-con-inner\">\n\t\t\t\t<div class=\"elementor-element elementor-element-6c1f234 elementor-widget elementor-widget-heading\" data-id=\"6c1f234\" data-element_type=\"widget\" data-widget_type=\"heading.default\">\n\t\t\t\t<div class=\"elementor-widget-container\">\n\t\t\t\t\t<h2 class=\"elementor-heading-title elementor-size-default\">Scooter de mobilit\u00e9<\/h2>\t\t\t\t<\/div>\n\t\t\t\t<\/div>\n\t\t\t\t<div class=\"elementor-element elementor-element-71b5036 elementor-widget elementor-widget-text-editor\" data-id=\"71b5036\" data-element_type=\"widget\" data-widget_type=\"text-editor.default\">\n\t\t\t\t<div class=\"elementor-widget-container\">\n\t\t\t\t\t\t\t\t\t<p>Le scooter de mobilit\u00e9 l\u00e9ger et pliable \u00e0 4 roues pour personnes \u00e2g\u00e9es peut \u00eatre emport\u00e9 dans un avion, vous offrant une meilleure exp\u00e9rience de voyage.<\/p>\t\t\t\t\t\t\t\t<\/div>\n\t\t\t\t<\/div>\n\t\t\t\t\t<\/div>\n\t\t\t\t<\/div>\n\t\t<div class=\"elementor-element elementor-element-2cfc133 e-flex e-con-boxed e-con e-parent\" data-id=\"2cfc133\" data-element_type=\"container\" data-settings=\"{&quot;background_background&quot;:&quot;classic&quot;}\">\n\t\t\t\t\t<div class=\"e-con-inner\">\n\t\t\t\t<div class=\"elementor-element elementor-element-1446967 elementor-widget elementor-widget-text-editor\" data-id=\"1446967\" data-element_type=\"widget\" data-widget_type=\"text-editor.default\">\n\t\t\t\t<div class=\"elementor-widget-container\">\n\t\t\t\t\t\t\t\t\t<p>Le scooter de mobilit\u00e9 est un appareil \u00e9lectrique de mobilit\u00e9 personnelle utilis\u00e9 pour aider les personnes souffrant d'un handicap physique. Il sert principalement de compl\u00e9ment aux fauteuils roulants \u00e9lectriques. Contrairement aux fauteuils roulants \u00e9lectriques, les scooters de mobilit\u00e9 \u00e0 quatre roues sont g\u00e9n\u00e9ralement plus abordables, plus faciles \u00e0 man\u0153uvrer sur des surfaces in\u00e9gales et plus personnalisables. Ces scooters pour handicap\u00e9s sont con\u00e7us pour les personnes qui ont des difficult\u00e9s \u00e0 marcher ou \u00e0 se d\u00e9placer, mais qui n'ont pas toujours besoin d'un fauteuil roulant \u00e9lectrique. Ils conviennent \u00e9galement aux personnes qui ont besoin d'un fauteuil roulant \u00e9lectrique pour marcher sur une distance moyenne ou rester debout de mani\u00e8re prolong\u00e9e, ainsi qu'aux personnes incapables de conduire une voiture pour des raisons m\u00e9dicales.<\/p><p>Avec le vieillissement de la population mondiale, les scooters de mobilit\u00e9 pour personnes \u00e2g\u00e9es (fauteuils roulants \u00e9lectriques, scooters \u00e9lectriques \u00e0 trois ou quatre roues, etc.) sont devenus un outil essentiel pour aider les personnes \u00e0 mobilit\u00e9 r\u00e9duite \u00e0 conserver leur ind\u00e9pendance. La demande du march\u00e9 continue de cro\u00eetre, en particulier dans les pays d\u00e9velopp\u00e9s (tels que l'Europe, les \u00c9tats-Unis et le Japon) et les march\u00e9s \u00e9mergents comme la Chine, o\u00f9 la demande de scooters de mobilit\u00e9 l\u00e9gers, s\u00fbrs, confortables et intelligents a augment\u00e9 de mani\u00e8re significative.<\/p><p>Xuzhou HEABENS Medical a commenc\u00e9 \u00e0 produire des scooters de mobilit\u00e9 l\u00e9gers et pliables pour r\u00e9pondre aux besoins de personnalisation des clients. Notre devise est \"Your Mobility, We Care\", et nous esp\u00e9rons que nos scooters de mobilit\u00e9 vous apporteront plus de libert\u00e9 et de commodit\u00e9.<\/p>\t\t\t\t\t\t\t\t<\/div>\n\t\t\t\t<\/div>\n\t\t\t\t<div class=\"elementor-element elementor-element-22ee323 elementor-widget-divider--view-line_text elementor-widget__width-initial elementor-widget-divider--element-align-center elementor-widget elementor-widget-divider\" data-id=\"22ee323\" data-element_type=\"widget\" data-widget_type=\"divider.default\">\n\t\t\t\t<div class=\"elementor-widget-container\">\n\t\t\t\t\t\t\t<div class=\"elementor-divider\">\n\t\t\t<span class=\"elementor-divider-separator\">\n\t\t\t\t\t\t\t<h2 class=\"elementor-divider__text elementor-divider__element\">\n\t\t\t\tS\u00e9lectionner un mod\u00e8le\t\t\t\t<\/h2>\n\t\t\t\t\t\t<\/span>\n\t\t<\/div>\n\t\t\t\t\t\t<\/div>\n\t\t\t\t<\/div>\n\t\t\t\t<div class=\"elementor-element elementor-element-1f50f85 elementor-widget elementor-widget-heading\" data-id=\"1f50f85\" data-element_type=\"widget\" data-widget_type=\"heading.default\">\n\t\t\t\t<div class=\"elementor-widget-container\">\n\t\t\t\t\t<h3 class=\"elementor-heading-title elementor-size-default\">S\u00e9lectionnez un mod\u00e8le de scooter ci-dessous pour obtenir plus d'informations<\/h3>\t\t\t\t<\/div>\n\t\t\t\t<\/div>\n\t\t\t\t<div class=\"elementor-element elementor-element-28a9882 elementor-grid-4 elementor-posts--align-center elementor-grid-tablet-3 elementor-grid-mobile-2 elementor-posts--thumbnail-top elementor-widget elementor-widget-posts\" data-id=\"28a9882\" data-element_type=\"widget\" data-settings=\"{&quot;classic_columns&quot;:&quot;4&quot;,&quot;classic_masonry&quot;:&quot;yes&quot;,&quot;classic_columns_tablet&quot;:&quot;3&quot;,&quot;classic_columns_mobile&quot;:&quot;2&quot;,&quot;classic_row_gap_tablet&quot;:{&quot;unit&quot;:&quot;px&quot;,&quot;size&quot;:15,&quot;sizes&quot;:[]},&quot;classic_row_gap_mobile&quot;:{&quot;unit&quot;:&quot;px&quot;,&quot;size&quot;:10,&quot;sizes&quot;:[]},&quot;classic_row_gap&quot;:{&quot;unit&quot;:&quot;px&quot;,&quot;size&quot;:35,&quot;sizes&quot;:[]}}\" data-widget_type=\"posts.classic\">\n\t\t\t\t<div class=\"elementor-widget-container\">\n\t\t\t\t\t\t\t<div class=\"elementor-posts-container elementor-posts elementor-posts--skin-classic elementor-grid\" role=\"list\">\n\t\t\t\t<article class=\"elementor-post elementor-grid-item post-4922 post type-post status-publish format-standard has-post-thumbnail hentry category-mobility-scooter category-products tag-aluminum-alloy-electric-wheelchair\" role=\"listitem\">\n\t\t\t\t<a class=\"elementor-post__thumbnail__link\" href=\"https:\/\/heabenswheelchair.com\/fr\/produits\/scooter-de-mobilite-leger-et-pliable-a-4-roues-pour-personnes-agees\/\" tabindex=\"-1\" >\n\t\t\t<div class=\"elementor-post__thumbnail\"><img fetchpriority=\"high\" decoding=\"async\" width=\"800\" height=\"800\" src=\"https:\/\/heabenswheelchair.com\/wp-content\/uploads\/2025\/08\/folding-electric-mobility-scooter.avif\" class=\"attachment-full size-full wp-image-4923\" alt=\"\" srcset=\"https:\/\/heabenswheelchair.com\/wp-content\/uploads\/2025\/08\/folding-electric-mobility-scooter.avif 800w, https:\/\/heabenswheelchair.com\/wp-content\/uploads\/2025\/08\/folding-electric-mobility-scooter-300x300.avif 300w, https:\/\/heabenswheelchair.com\/wp-content\/uploads\/2025\/08\/folding-electric-mobility-scooter-150x150.avif 150w, https:\/\/heabenswheelchair.com\/wp-content\/uploads\/2025\/08\/folding-electric-mobility-scooter-768x768.avif 768w, https:\/\/heabenswheelchair.com\/wp-content\/uploads\/2025\/08\/folding-electric-mobility-scooter-12x12.avif 12w\" sizes=\"(max-width: 800px) 100vw, 800px\" \/><\/div>\n\t\t<\/a>\n\t\t\t\t<div class=\"elementor-post__text\">\n\t\t\t\t<h4 class=\"elementor-post__title\">\n\t\t\t<a href=\"https:\/\/heabenswheelchair.com\/fr\/produits\/scooter-de-mobilite-leger-et-pliable-a-4-roues-pour-personnes-agees\/\" >\n\t\t\t\tDB21\t\t\t<\/a>\n\t\t<\/h4>\n\t\t\t\t<\/div>\n\t\t\t\t<\/article>\n\t\t\t\t<\/div>\n\t\t\n\t\t\t\t\t\t<\/div>\n\t\t\t\t<\/div>\n\t\t\t\t\t<\/div>\n\t\t\t\t<\/div>\n\t\t\t\t<\/div>","protected":false},"excerpt":{"rendered":"<p>Mobility Scooter The lightweight, foldable 4-wheel mobility scooter for the elderly can be taken on an airplane, giving you a better travel experience. Mobility scooter<\/p>","protected":false},"author":1,"featured_media":4907,"parent":0,"menu_order":0,"comment_status":"closed","ping_status":"closed","template":"","meta":{"footnotes":""},"class_list":["post-465","page","type-page","status-publish","has-post-thumbnail","hentry"],"yoast_head":"<!-- This site is optimized with the Yoast SEO plugin v26.7 - https:\/\/yoast.com\/wordpress\/plugins\/seo\/ -->\n<title>Mobility Scooters Electric | Lightweight &amp; Fold Scooter for Disabled<\/title>\n<meta name=\"description\" content=\"HEABENS elderly electirc mobility scooters are designed with safety and comfort in mind, providing an excellent user experience. Please enjoy a free travel!\" \/>\n<meta name=\"robots\" content=\"index, follow, max-snippet:-1, max-image-preview:large, max-video-preview:-1\" \/>\n<link rel=\"canonical\" href=\"https:\/\/heabenswheelchair.com\/fr\/scooter-mobile-electrique\/\" \/>\n<meta property=\"og:locale\" content=\"fr_FR\" \/>\n<meta property=\"og:type\" content=\"article\" \/>\n<meta property=\"og:title\" content=\"Mobility Scooters Electric | Lightweight &amp; Fold Scooter for Disabled\" \/>\n<meta property=\"og:description\" content=\"HEABENS elderly electirc mobility scooters are designed with safety and comfort in mind, providing an excellent user experience. Please enjoy a free travel!\" \/>\n<meta property=\"og:url\" content=\"https:\/\/heabenswheelchair.com\/fr\/scooter-mobile-electrique\/\" \/>\n<meta property=\"og:site_name\" content=\"HEABENS Wheelchair\" \/>\n<meta property=\"article:modified_time\" content=\"2025-08-12T05:59:26+00:00\" \/>\n<meta property=\"og:image\" content=\"https:\/\/heabenswheelchair.com\/wp-content\/uploads\/2025\/08\/4-wheel-Mobility-Scooter-for-elderly-1.avif\" \/>\n\t<meta property=\"og:image:width\" content=\"800\" \/>\n\t<meta property=\"og:image:height\" content=\"800\" \/>\n\t<meta property=\"og:image:type\" content=\"image\/jpeg\" \/>\n<meta name=\"twitter:card\" content=\"summary_large_image\" \/>\n<meta name=\"twitter:label1\" content=\"Dur\u00e9e de lecture estim\u00e9e\" \/>\n\t<meta name=\"twitter:data1\" content=\"2 minutes\" \/>\n<script type=\"application\/ld+json\" class=\"yoast-schema-graph\">{\"@context\":\"https:\/\/schema.org\",\"@graph\":[{\"@type\":\"WebPage\",\"@id\":\"https:\/\/heabenswheelchair.com\/electric-mobility-scooter\/\",\"url\":\"https:\/\/heabenswheelchair.com\/electric-mobility-scooter\/\",\"name\":\"Mobility Scooters Electric | Lightweight & Fold Scooter for Disabled\",\"isPartOf\":{\"@id\":\"https:\/\/heabenswheelchair.com\/#website\"},\"primaryImageOfPage\":{\"@id\":\"https:\/\/heabenswheelchair.com\/electric-mobility-scooter\/#primaryimage\"},\"image\":{\"@id\":\"https:\/\/heabenswheelchair.com\/electric-mobility-scooter\/#primaryimage\"},\"thumbnailUrl\":\"https:\/\/heabenswheelchair.com\/wp-content\/uploads\/2025\/08\/4-wheel-Mobility-Scooter-for-elderly-1.avif\",\"datePublished\":\"2024-04-27T07:14:42+00:00\",\"dateModified\":\"2025-08-12T05:59:26+00:00\",\"description\":\"HEABENS elderly electirc mobility scooters are designed with safety and comfort in mind, providing an excellent user experience. Please enjoy a free travel!\",\"breadcrumb\":{\"@id\":\"https:\/\/heabenswheelchair.com\/electric-mobility-scooter\/#breadcrumb\"},\"inLanguage\":\"fr-FR\",\"potentialAction\":[{\"@type\":\"ReadAction\",\"target\":[\"https:\/\/heabenswheelchair.com\/electric-mobility-scooter\/\"]}]},{\"@type\":\"ImageObject\",\"inLanguage\":\"fr-FR\",\"@id\":\"https:\/\/heabenswheelchair.com\/electric-mobility-scooter\/#primaryimage\",\"url\":\"https:\/\/heabenswheelchair.com\/wp-content\/uploads\/2025\/08\/4-wheel-Mobility-Scooter-for-elderly-1.avif\",\"contentUrl\":\"https:\/\/heabenswheelchair.com\/wp-content\/uploads\/2025\/08\/4-wheel-Mobility-Scooter-for-elderly-1.avif\",\"width\":800,\"height\":800},{\"@type\":\"BreadcrumbList\",\"@id\":\"https:\/\/heabenswheelchair.com\/electric-mobility-scooter\/#breadcrumb\",\"itemListElement\":[{\"@type\":\"ListItem\",\"position\":1,\"name\":\"Home\",\"item\":\"https:\/\/heabenswheelchair.com\/\"},{\"@type\":\"ListItem\",\"position\":2,\"name\":\"Mobility Scooter\"}]},{\"@type\":\"WebSite\",\"@id\":\"https:\/\/heabenswheelchair.com\/#website\",\"url\":\"https:\/\/heabenswheelchair.com\/\",\"name\":\"HEABENS Wheelchair\",\"description\":\"electric wheelchair, manual Wheelchair\",\"publisher\":{\"@id\":\"https:\/\/heabenswheelchair.com\/#organization\"},\"potentialAction\":[{\"@type\":\"SearchAction\",\"target\":{\"@type\":\"EntryPoint\",\"urlTemplate\":\"https:\/\/heabenswheelchair.com\/?s={search_term_string}\"},\"query-input\":{\"@type\":\"PropertyValueSpecification\",\"valueRequired\":true,\"valueName\":\"search_term_string\"}}],\"inLanguage\":\"fr-FR\"},{\"@type\":\"Organization\",\"@id\":\"https:\/\/heabenswheelchair.com\/#organization\",\"name\":\"HEABENS Wheelchair\",\"url\":\"https:\/\/heabenswheelchair.com\/\",\"logo\":{\"@type\":\"ImageObject\",\"inLanguage\":\"fr-FR\",\"@id\":\"https:\/\/heabenswheelchair.com\/#\/schema\/logo\/image\/\",\"url\":\"https:\/\/heabenswheelchair.com\/wp-content\/uploads\/2024\/03\/logo-150.png\",\"contentUrl\":\"https:\/\/heabenswheelchair.com\/wp-content\/uploads\/2024\/03\/logo-150.png\",\"width\":293,\"height\":100,\"caption\":\"HEABENS Wheelchair\"},\"image\":{\"@id\":\"https:\/\/heabenswheelchair.com\/#\/schema\/logo\/image\/\"}}]}<\/script>\n<!-- \/ Yoast SEO plugin. -->","yoast_head_json":{"title":"Scooter de mobilit\u00e9 \u00e9lectrique | Scooter l\u00e9ger et pliable pour handicap\u00e9s","description":"Les scooters de mobilit\u00e9 \u00e9lectriques pour personnes \u00e2g\u00e9es d'HEABENS sont con\u00e7us dans un souci de s\u00e9curit\u00e9 et de confort, et offrent une excellente exp\u00e9rience \u00e0 l'utilisateur. Profitez d'un voyage en toute libert\u00e9 !","robots":{"index":"index","follow":"follow","max-snippet":"max-snippet:-1","max-image-preview":"max-image-preview:large","max-video-preview":"max-video-preview:-1"},"canonical":"https:\/\/heabenswheelchair.com\/fr\/scooter-mobile-electrique\/","og_locale":"fr_FR","og_type":"article","og_title":"Mobility Scooters Electric | Lightweight & Fold Scooter for Disabled","og_description":"HEABENS elderly electirc mobility scooters are designed with safety and comfort in mind, providing an excellent user experience. Please enjoy a free travel!","og_url":"https:\/\/heabenswheelchair.com\/fr\/scooter-mobile-electrique\/","og_site_name":"HEABENS Wheelchair","article_modified_time":"2025-08-12T05:59:26+00:00","og_image":[{"width":800,"height":800,"url":"https:\/\/heabenswheelchair.com\/wp-content\/uploads\/2025\/08\/4-wheel-Mobility-Scooter-for-elderly-1.avif","type":"image\/jpeg"}],"twitter_card":"summary_large_image","twitter_misc":{"Dur\u00e9e de lecture estim\u00e9e":"2 minutes"},"schema":{"@context":"https:\/\/schema.org","@graph":[{"@type":"WebPage","@id":"https:\/\/heabenswheelchair.com\/electric-mobility-scooter\/","url":"https:\/\/heabenswheelchair.com\/electric-mobility-scooter\/","name":"Scooter de mobilit\u00e9 \u00e9lectrique | Scooter l\u00e9ger et pliable pour handicap\u00e9s","isPartOf":{"@id":"https:\/\/heabenswheelchair.com\/#website"},"primaryImageOfPage":{"@id":"https:\/\/heabenswheelchair.com\/electric-mobility-scooter\/#primaryimage"},"image":{"@id":"https:\/\/heabenswheelchair.com\/electric-mobility-scooter\/#primaryimage"},"thumbnailUrl":"https:\/\/heabenswheelchair.com\/wp-content\/uploads\/2025\/08\/4-wheel-Mobility-Scooter-for-elderly-1.avif","datePublished":"2024-04-27T07:14:42+00:00","dateModified":"2025-08-12T05:59:26+00:00","description":"Les scooters de mobilit\u00e9 \u00e9lectriques pour personnes \u00e2g\u00e9es d'HEABENS sont con\u00e7us dans un souci de s\u00e9curit\u00e9 et de confort, et offrent une excellente exp\u00e9rience \u00e0 l'utilisateur. Profitez d'un voyage en toute libert\u00e9 !","breadcrumb":{"@id":"https:\/\/heabenswheelchair.com\/electric-mobility-scooter\/#breadcrumb"},"inLanguage":"fr-FR","potentialAction":[{"@type":"ReadAction","target":["https:\/\/heabenswheelchair.com\/electric-mobility-scooter\/"]}]},{"@type":"ImageObject","inLanguage":"fr-FR","@id":"https:\/\/heabenswheelchair.com\/electric-mobility-scooter\/#primaryimage","url":"https:\/\/heabenswheelchair.com\/wp-content\/uploads\/2025\/08\/4-wheel-Mobility-Scooter-for-elderly-1.avif","contentUrl":"https:\/\/heabenswheelchair.com\/wp-content\/uploads\/2025\/08\/4-wheel-Mobility-Scooter-for-elderly-1.avif","width":800,"height":800},{"@type":"BreadcrumbList","@id":"https:\/\/heabenswheelchair.com\/electric-mobility-scooter\/#breadcrumb","itemListElement":[{"@type":"ListItem","position":1,"name":"Home","item":"https:\/\/heabenswheelchair.com\/"},{"@type":"ListItem","position":2,"name":"Mobility Scooter"}]},{"@type":"WebSite","@id":"https:\/\/heabenswheelchair.com\/#website","url":"https:\/\/heabenswheelchair.com\/","name":"Fauteuil roulant HEABENS","description":"fauteuil roulant \u00e9lectrique, fauteuil roulant manuel","publisher":{"@id":"https:\/\/heabenswheelchair.com\/#organization"},"potentialAction":[{"@type":"SearchAction","target":{"@type":"EntryPoint","urlTemplate":"https:\/\/heabenswheelchair.com\/?s={search_term_string}"},"query-input":{"@type":"PropertyValueSpecification","valueRequired":true,"valueName":"search_term_string"}}],"inLanguage":"fr-FR"},{"@type":"Organization","@id":"https:\/\/heabenswheelchair.com\/#organization","name":"Fauteuil roulant HEABENS","url":"https:\/\/heabenswheelchair.com\/","logo":{"@type":"ImageObject","inLanguage":"fr-FR","@id":"https:\/\/heabenswheelchair.com\/#\/schema\/logo\/image\/","url":"https:\/\/heabenswheelchair.com\/wp-content\/uploads\/2024\/03\/logo-150.png","contentUrl":"https:\/\/heabenswheelchair.com\/wp-content\/uploads\/2024\/03\/logo-150.png","width":293,"height":100,"caption":"HEABENS Wheelchair"},"image":{"@id":"https:\/\/heabenswheelchair.com\/#\/schema\/logo\/image\/"}}]}},"_links":{"self":[{"href":"https:\/\/heabenswheelchair.com\/fr\/wp-json\/wp\/v2\/pages\/465","targetHints":{"allow":["GET"]}}],"collection":[{"href":"https:\/\/heabenswheelchair.com\/fr\/wp-json\/wp\/v2\/pages"}],"about":[{"href":"https:\/\/heabenswheelchair.com\/fr\/wp-json\/wp\/v2\/types\/page"}],"author":[{"embeddable":true,"href":"https:\/\/heabenswheelchair.com\/fr\/wp-json\/wp\/v2\/users\/1"}],"replies":[{"embeddable":true,"href":"https:\/\/heabenswheelchair.com\/fr\/wp-json\/wp\/v2\/comments?post=465"}],"version-history":[{"count":179,"href":"https:\/\/heabenswheelchair.com\/fr\/wp-json\/wp\/v2\/pages\/465\/revisions"}],"predecessor-version":[{"id":5008,"href":"https:\/\/heabenswheelchair.com\/fr\/wp-json\/wp\/v2\/pages\/465\/revisions\/5008"}],"wp:featuredmedia":[{"embeddable":true,"href":"https:\/\/heabenswheelchair.com\/fr\/wp-json\/wp\/v2\/media\/4907"}],"wp:attachment":[{"href":"https:\/\/heabenswheelchair.com\/fr\/wp-json\/wp\/v2\/media?parent=465"}],"curies":[{"name":"wp","href":"https:\/\/api.w.org\/{rel}","templated":true}]}}