{"id":58,"date":"2024-04-17T10:31:27","date_gmt":"2024-04-17T02:31:27","guid":{"rendered":"https:\/\/heabenswheelchair.com\/?page_id=58"},"modified":"2025-04-28T16:18:31","modified_gmt":"2025-04-28T08:18:31","slug":"products","status":"publish","type":"page","link":"https:\/\/heabenswheelchair.com\/de\/produkte\/","title":{"rendered":"Produkte"},"content":{"rendered":"<div data-elementor-type=\"wp-page\" data-elementor-id=\"58\" class=\"elementor elementor-58\" data-elementor-post-type=\"page\">\n\t\t\t\t<div class=\"elementor-element elementor-element-986d545 e-flex e-con-boxed e-con e-parent\" data-id=\"986d545\" data-element_type=\"container\" data-settings=\"{&quot;background_background&quot;:&quot;classic&quot;}\">\n\t\t\t\t\t<div class=\"e-con-inner\">\n\t\t\t\t<div class=\"elementor-element elementor-element-3b5d970 elementor-widget elementor-widget-heading\" data-id=\"3b5d970\" data-element_type=\"widget\" data-widget_type=\"heading.default\">\n\t\t\t\t<div class=\"elementor-widget-container\">\n\t\t\t\t\t<h2 class=\"elementor-heading-title elementor-size-default\">Elektrischer Rollstuhl<\/h2>\t\t\t\t<\/div>\n\t\t\t\t<\/div>\n\t\t\t\t<div class=\"elementor-element elementor-element-c4ff15c elementor-widget elementor-widget-text-editor\" data-id=\"c4ff15c\" data-element_type=\"widget\" data-widget_type=\"text-editor.default\">\n\t\t\t\t<div class=\"elementor-widget-container\">\n\t\t\t\t\t\t\t\t\tWir bieten einen optimierten Prozess f\u00fcr den Erwerb von elektrischen Rollst\u00fchlen, die auf die individuellen Bed\u00fcrfnisse zugeschnitten sind, einschlie\u00dflich Bewertung, Anpassung und Lieferung.\n\n\n\n\t\t\t\t\t\t\t\t<\/div>\n\t\t\t\t<\/div>\n\t\t\t\t\t<\/div>\n\t\t\t\t<\/div>\n\t\t<div class=\"elementor-element elementor-element-3b58d97 e-flex e-con-boxed e-con e-parent\" data-id=\"3b58d97\" data-element_type=\"container\">\n\t\t\t\t\t<div class=\"e-con-inner\">\n\t\t\t\t\t<\/div>\n\t\t\t\t<\/div>\n\t\t<div class=\"elementor-element elementor-element-06445ee e-flex e-con-boxed e-con e-parent\" data-id=\"06445ee\" data-element_type=\"container\">\n\t\t\t\t\t<div class=\"e-con-inner\">\n\t\t\t\t<div class=\"elementor-element elementor-element-1932043 elementor-widget elementor-widget-elementskit-category-list\" data-id=\"1932043\" data-element_type=\"widget\" data-widget_type=\"elementskit-category-list.default\">\n\t\t\t\t<div class=\"elementor-widget-container\">\n\t\t\t\t\t<div class=\"ekit-wid-con\" >\t\t<ul class=\"elementor-icon-list-items\">\n\t\t\t\t\t<\/ul>\n\t\t<\/div>\t\t\t\t<\/div>\n\t\t\t\t<\/div>\n\t\t\t\t\t<\/div>\n\t\t\t\t<\/div>\n\t\t\t\t<\/div>","protected":false},"excerpt":{"rendered":"<p>Electric Wheelchair Offering a streamlined process for acquiring electric wheelchairs tailored to individual needs, including assessment, customization, and delivery.<\/p>","protected":false},"author":1,"featured_media":4659,"parent":0,"menu_order":0,"comment_status":"closed","ping_status":"closed","template":"","meta":{"footnotes":""},"class_list":["post-58","page","type-page","status-publish","has-post-thumbnail","hentry"],"yoast_head":"<!-- This site is optimized with the Yoast SEO plugin v26.7 - https:\/\/yoast.com\/wordpress\/plugins\/seo\/ -->\n<title>Products about Motorized Wheelchair &amp; Manual Wheel Chair<\/title>\n<meta name=\"description\" content=\"If looking for wheelchair products factory, Xuzhou HEABENS Medical will be a very good choice for you. We have 9 years of experience in manufacturing.\" \/>\n<meta name=\"robots\" content=\"index, follow, max-snippet:-1, max-image-preview:large, max-video-preview:-1\" \/>\n<link rel=\"canonical\" href=\"https:\/\/heabenswheelchair.com\/de\/produkte\/\" \/>\n<meta property=\"og:locale\" content=\"de_DE\" \/>\n<meta property=\"og:type\" content=\"article\" \/>\n<meta property=\"og:title\" content=\"Products about Motorized Wheelchair &amp; Manual Wheel Chair\" \/>\n<meta property=\"og:description\" content=\"If looking for wheelchair products factory, Xuzhou HEABENS Medical will be a very good choice for you. We have 9 years of experience in manufacturing.\" \/>\n<meta property=\"og:url\" content=\"https:\/\/heabenswheelchair.com\/de\/produkte\/\" \/>\n<meta property=\"og:site_name\" content=\"HEABENS Wheelchair\" \/>\n<meta property=\"article:modified_time\" content=\"2025-04-28T08:18:31+00:00\" \/>\n<meta property=\"og:image\" content=\"https:\/\/heabenswheelchair.com\/wp-content\/uploads\/2024\/05\/best-motorised-wheelchair-0020.avif\" \/>\n\t<meta property=\"og:image:width\" content=\"800\" \/>\n\t<meta property=\"og:image:height\" content=\"800\" \/>\n\t<meta property=\"og:image:type\" content=\"image\/webp\" \/>\n<meta name=\"twitter:card\" content=\"summary_large_image\" \/>\n<meta name=\"twitter:label1\" content=\"Gesch\u00e4tzte Lesezeit\" \/>\n\t<meta name=\"twitter:data1\" content=\"1\u00a0Minute\" \/>\n<script type=\"application\/ld+json\" class=\"yoast-schema-graph\">{\"@context\":\"https:\/\/schema.org\",\"@graph\":[{\"@type\":\"WebPage\",\"@id\":\"https:\/\/heabenswheelchair.com\/products\/\",\"url\":\"https:\/\/heabenswheelchair.com\/products\/\",\"name\":\"Products about Motorized Wheelchair & Manual Wheel Chair\",\"isPartOf\":{\"@id\":\"https:\/\/heabenswheelchair.com\/#website\"},\"primaryImageOfPage\":{\"@id\":\"https:\/\/heabenswheelchair.com\/products\/#primaryimage\"},\"image\":{\"@id\":\"https:\/\/heabenswheelchair.com\/products\/#primaryimage\"},\"thumbnailUrl\":\"https:\/\/heabenswheelchair.com\/wp-content\/uploads\/2024\/05\/best-motorised-wheelchair-0020.avif\",\"datePublished\":\"2024-04-17T02:31:27+00:00\",\"dateModified\":\"2025-04-28T08:18:31+00:00\",\"description\":\"If looking for wheelchair products factory, Xuzhou HEABENS Medical will be a very good choice for you. We have 9 years of experience in manufacturing.\",\"breadcrumb\":{\"@id\":\"https:\/\/heabenswheelchair.com\/products\/#breadcrumb\"},\"inLanguage\":\"de\",\"potentialAction\":[{\"@type\":\"ReadAction\",\"target\":[\"https:\/\/heabenswheelchair.com\/products\/\"]}]},{\"@type\":\"ImageObject\",\"inLanguage\":\"de\",\"@id\":\"https:\/\/heabenswheelchair.com\/products\/#primaryimage\",\"url\":\"https:\/\/heabenswheelchair.com\/wp-content\/uploads\/2024\/05\/best-motorised-wheelchair-0020.avif\",\"contentUrl\":\"https:\/\/heabenswheelchair.com\/wp-content\/uploads\/2024\/05\/best-motorised-wheelchair-0020.avif\",\"width\":800,\"height\":800,\"caption\":\"folding wheelchair electric 0020\"},{\"@type\":\"BreadcrumbList\",\"@id\":\"https:\/\/heabenswheelchair.com\/products\/#breadcrumb\",\"itemListElement\":[{\"@type\":\"ListItem\",\"position\":1,\"name\":\"Home\",\"item\":\"https:\/\/heabenswheelchair.com\/\"},{\"@type\":\"ListItem\",\"position\":2,\"name\":\"Products\"}]},{\"@type\":\"WebSite\",\"@id\":\"https:\/\/heabenswheelchair.com\/#website\",\"url\":\"https:\/\/heabenswheelchair.com\/\",\"name\":\"HEABENS Wheelchair\",\"description\":\"electric wheelchair, manual Wheelchair\",\"publisher\":{\"@id\":\"https:\/\/heabenswheelchair.com\/#organization\"},\"potentialAction\":[{\"@type\":\"SearchAction\",\"target\":{\"@type\":\"EntryPoint\",\"urlTemplate\":\"https:\/\/heabenswheelchair.com\/?s={search_term_string}\"},\"query-input\":{\"@type\":\"PropertyValueSpecification\",\"valueRequired\":true,\"valueName\":\"search_term_string\"}}],\"inLanguage\":\"de\"},{\"@type\":\"Organization\",\"@id\":\"https:\/\/heabenswheelchair.com\/#organization\",\"name\":\"HEABENS Wheelchair\",\"url\":\"https:\/\/heabenswheelchair.com\/\",\"logo\":{\"@type\":\"ImageObject\",\"inLanguage\":\"de\",\"@id\":\"https:\/\/heabenswheelchair.com\/#\/schema\/logo\/image\/\",\"url\":\"https:\/\/heabenswheelchair.com\/wp-content\/uploads\/2024\/03\/logo-150.png\",\"contentUrl\":\"https:\/\/heabenswheelchair.com\/wp-content\/uploads\/2024\/03\/logo-150.png\",\"width\":293,\"height\":100,\"caption\":\"HEABENS Wheelchair\"},\"image\":{\"@id\":\"https:\/\/heabenswheelchair.com\/#\/schema\/logo\/image\/\"}}]}<\/script>\n<!-- \/ Yoast SEO plugin. -->","yoast_head_json":{"title":"Produkte \u00fcber motorisierte Rollst\u00fchle &amp; manuelle Rollst\u00fchle","description":"Wenn Sie auf der Suche nach Rollstuhl Produkte Fabrik, Xuzhou HEABENS Medical wird eine sehr gute Wahl f\u00fcr Sie. Wir haben 9 Jahre Erfahrung in der Herstellung.","robots":{"index":"index","follow":"follow","max-snippet":"max-snippet:-1","max-image-preview":"max-image-preview:large","max-video-preview":"max-video-preview:-1"},"canonical":"https:\/\/heabenswheelchair.com\/de\/produkte\/","og_locale":"de_DE","og_type":"article","og_title":"Products about Motorized Wheelchair & Manual Wheel Chair","og_description":"If looking for wheelchair products factory, Xuzhou HEABENS Medical will be a very good choice for you. We have 9 years of experience in manufacturing.","og_url":"https:\/\/heabenswheelchair.com\/de\/produkte\/","og_site_name":"HEABENS Wheelchair","article_modified_time":"2025-04-28T08:18:31+00:00","og_image":[{"width":800,"height":800,"url":"https:\/\/heabenswheelchair.com\/wp-content\/uploads\/2024\/05\/best-motorised-wheelchair-0020.avif","type":"image\/webp"}],"twitter_card":"summary_large_image","twitter_misc":{"Gesch\u00e4tzte Lesezeit":"1\u00a0Minute"},"schema":{"@context":"https:\/\/schema.org","@graph":[{"@type":"WebPage","@id":"https:\/\/heabenswheelchair.com\/products\/","url":"https:\/\/heabenswheelchair.com\/products\/","name":"Produkte \u00fcber motorisierte Rollst\u00fchle &amp; manuelle Rollst\u00fchle","isPartOf":{"@id":"https:\/\/heabenswheelchair.com\/#website"},"primaryImageOfPage":{"@id":"https:\/\/heabenswheelchair.com\/products\/#primaryimage"},"image":{"@id":"https:\/\/heabenswheelchair.com\/products\/#primaryimage"},"thumbnailUrl":"https:\/\/heabenswheelchair.com\/wp-content\/uploads\/2024\/05\/best-motorised-wheelchair-0020.avif","datePublished":"2024-04-17T02:31:27+00:00","dateModified":"2025-04-28T08:18:31+00:00","description":"Wenn Sie auf der Suche nach Rollstuhl Produkte Fabrik, Xuzhou HEABENS Medical wird eine sehr gute Wahl f\u00fcr Sie. Wir haben 9 Jahre Erfahrung in der Herstellung.","breadcrumb":{"@id":"https:\/\/heabenswheelchair.com\/products\/#breadcrumb"},"inLanguage":"de","potentialAction":[{"@type":"ReadAction","target":["https:\/\/heabenswheelchair.com\/products\/"]}]},{"@type":"ImageObject","inLanguage":"de","@id":"https:\/\/heabenswheelchair.com\/products\/#primaryimage","url":"https:\/\/heabenswheelchair.com\/wp-content\/uploads\/2024\/05\/best-motorised-wheelchair-0020.avif","contentUrl":"https:\/\/heabenswheelchair.com\/wp-content\/uploads\/2024\/05\/best-motorised-wheelchair-0020.avif","width":800,"height":800,"caption":"folding wheelchair electric 0020"},{"@type":"BreadcrumbList","@id":"https:\/\/heabenswheelchair.com\/products\/#breadcrumb","itemListElement":[{"@type":"ListItem","position":1,"name":"Home","item":"https:\/\/heabenswheelchair.com\/"},{"@type":"ListItem","position":2,"name":"Products"}]},{"@type":"WebSite","@id":"https:\/\/heabenswheelchair.com\/#website","url":"https:\/\/heabenswheelchair.com\/","name":"HEABENS Rollstuhl","description":"elektrischer Rollstuhl, manueller Rollstuhl","publisher":{"@id":"https:\/\/heabenswheelchair.com\/#organization"},"potentialAction":[{"@type":"SearchAction","target":{"@type":"EntryPoint","urlTemplate":"https:\/\/heabenswheelchair.com\/?s={search_term_string}"},"query-input":{"@type":"PropertyValueSpecification","valueRequired":true,"valueName":"search_term_string"}}],"inLanguage":"de"},{"@type":"Organization","@id":"https:\/\/heabenswheelchair.com\/#organization","name":"HEABENS Rollstuhl","url":"https:\/\/heabenswheelchair.com\/","logo":{"@type":"ImageObject","inLanguage":"de","@id":"https:\/\/heabenswheelchair.com\/#\/schema\/logo\/image\/","url":"https:\/\/heabenswheelchair.com\/wp-content\/uploads\/2024\/03\/logo-150.png","contentUrl":"https:\/\/heabenswheelchair.com\/wp-content\/uploads\/2024\/03\/logo-150.png","width":293,"height":100,"caption":"HEABENS Wheelchair"},"image":{"@id":"https:\/\/heabenswheelchair.com\/#\/schema\/logo\/image\/"}}]}},"_links":{"self":[{"href":"https:\/\/heabenswheelchair.com\/de\/wp-json\/wp\/v2\/pages\/58","targetHints":{"allow":["GET"]}}],"collection":[{"href":"https:\/\/heabenswheelchair.com\/de\/wp-json\/wp\/v2\/pages"}],"about":[{"href":"https:\/\/heabenswheelchair.com\/de\/wp-json\/wp\/v2\/types\/page"}],"author":[{"embeddable":true,"href":"https:\/\/heabenswheelchair.com\/de\/wp-json\/wp\/v2\/users\/1"}],"replies":[{"embeddable":true,"href":"https:\/\/heabenswheelchair.com\/de\/wp-json\/wp\/v2\/comments?post=58"}],"version-history":[{"count":43,"href":"https:\/\/heabenswheelchair.com\/de\/wp-json\/wp\/v2\/pages\/58\/revisions"}],"predecessor-version":[{"id":4677,"href":"https:\/\/heabenswheelchair.com\/de\/wp-json\/wp\/v2\/pages\/58\/revisions\/4677"}],"wp:featuredmedia":[{"embeddable":true,"href":"https:\/\/heabenswheelchair.com\/de\/wp-json\/wp\/v2\/media\/4659"}],"wp:attachment":[{"href":"https:\/\/heabenswheelchair.com\/de\/wp-json\/wp\/v2\/media?parent=58"}],"curies":[{"name":"wp","href":"https:\/\/api.w.org\/{rel}","templated":true}]}}