{"id":465,"date":"2024-04-27T15:14:42","date_gmt":"2024-04-27T07:14:42","guid":{"rendered":"https:\/\/heabenswheelchair.com\/?page_id=465"},"modified":"2025-08-12T13:59:26","modified_gmt":"2025-08-12T05:59:26","slug":"electric-mobility-scooter","status":"publish","type":"page","link":"https:\/\/heabenswheelchair.com\/da\/elektrisk-mobilitets-scooter\/","title":{"rendered":"Mobilitetsscooter"},"content":{"rendered":"<div data-elementor-type=\"wp-page\" data-elementor-id=\"465\" class=\"elementor elementor-465\" data-elementor-post-type=\"page\">\n\t\t\t\t<div class=\"elementor-element elementor-element-952f402 e-flex e-con-boxed e-con e-parent\" data-id=\"952f402\" data-element_type=\"container\" data-settings=\"{&quot;background_background&quot;:&quot;classic&quot;}\">\n\t\t\t\t\t<div class=\"e-con-inner\">\n\t\t\t\t<div class=\"elementor-element elementor-element-6c1f234 elementor-widget elementor-widget-heading\" data-id=\"6c1f234\" data-element_type=\"widget\" data-widget_type=\"heading.default\">\n\t\t\t\t<div class=\"elementor-widget-container\">\n\t\t\t\t\t<h2 class=\"elementor-heading-title elementor-size-default\">Mobilitetsscooter<\/h2>\t\t\t\t<\/div>\n\t\t\t\t<\/div>\n\t\t\t\t<div class=\"elementor-element elementor-element-71b5036 elementor-widget elementor-widget-text-editor\" data-id=\"71b5036\" data-element_type=\"widget\" data-widget_type=\"text-editor.default\">\n\t\t\t\t<div class=\"elementor-widget-container\">\n\t\t\t\t\t\t\t\t\t<p>Den lette, foldbare 4-hjulede mobilitetsscooter til \u00e6ldre kan tages med p\u00e5 et fly, hvilket giver dig en bedre rejseoplevelse.<\/p>\t\t\t\t\t\t\t\t<\/div>\n\t\t\t\t<\/div>\n\t\t\t\t\t<\/div>\n\t\t\t\t<\/div>\n\t\t<div class=\"elementor-element elementor-element-2cfc133 e-flex e-con-boxed e-con e-parent\" data-id=\"2cfc133\" data-element_type=\"container\" data-settings=\"{&quot;background_background&quot;:&quot;classic&quot;}\">\n\t\t\t\t\t<div class=\"e-con-inner\">\n\t\t\t\t<div class=\"elementor-element elementor-element-1446967 elementor-widget elementor-widget-text-editor\" data-id=\"1446967\" data-element_type=\"widget\" data-widget_type=\"text-editor.default\">\n\t\t\t\t<div class=\"elementor-widget-container\">\n\t\t\t\t\t\t\t\t\t<p>Mobilitetsscootere er elektriske, personlige hj\u00e6lpemidler, der bruges til at hj\u00e6lpe mennesker med fysiske handicap. Den fungerer prim\u00e6rt som et supplement til elektriske k\u00f8restole. I mods\u00e6tning til elektriske k\u00f8restole er 4-hjulede scootere generelt billigere, lettere at man\u00f8vrere p\u00e5 uj\u00e6vne overflader og kan tilpasses mere. Disse handicapscootere er designet til folk, der har sv\u00e6rt ved at g\u00e5 eller bev\u00e6ge sig, men som ikke altid har brug for en elektrisk k\u00f8restol. De er ogs\u00e5 velegnede til folk, der har brug for en el-k\u00f8restol til at g\u00e5 mellemlange distancer eller st\u00e5 op i l\u00e6ngere tid, samt til dem, der ikke kan k\u00f8re bil af medicinske \u00e5rsager.<\/p><p>Med den stigende globale aldringstendens er mobilitetsscootere til \u00e6ldre (elektriske k\u00f8restole, elektriske trehjulede\/firehjulede scootere osv.) blevet et vigtigt redskab til at hj\u00e6lpe mennesker med begr\u00e6nset mobilitet med at bevare deres uafh\u00e6ngighed. Markedseftersp\u00f8rgslen forts\u00e6tter med at vokse, is\u00e6r i udviklede lande (som Europa, USA og Japan) og nye markeder som Kina, hvor eftersp\u00f8rgslen efter sikre, komfortable og intelligente scootere er steget markant.<\/p><p>Xuzhou HEABENS Medical er begyndt at producere lette, sammenklappelige el-scootere for at im\u00f8dekomme kundernes behov for tilpasning. Vores motto er \"Your Mobility, We Care\", og vi h\u00e5ber, at vores mobilitetsscootere kan give dig st\u00f8rre frihed og bekvemmelighed.<\/p>\t\t\t\t\t\t\t\t<\/div>\n\t\t\t\t<\/div>\n\t\t\t\t<div class=\"elementor-element elementor-element-22ee323 elementor-widget-divider--view-line_text elementor-widget__width-initial elementor-widget-divider--element-align-center elementor-widget elementor-widget-divider\" data-id=\"22ee323\" data-element_type=\"widget\" data-widget_type=\"divider.default\">\n\t\t\t\t<div class=\"elementor-widget-container\">\n\t\t\t\t\t\t\t<div class=\"elementor-divider\">\n\t\t\t<span class=\"elementor-divider-separator\">\n\t\t\t\t\t\t\t<h2 class=\"elementor-divider__text elementor-divider__element\">\n\t\t\t\tV\u00e6lg en model\t\t\t\t<\/h2>\n\t\t\t\t\t\t<\/span>\n\t\t<\/div>\n\t\t\t\t\t\t<\/div>\n\t\t\t\t<\/div>\n\t\t\t\t<div class=\"elementor-element elementor-element-1f50f85 elementor-widget elementor-widget-heading\" data-id=\"1f50f85\" data-element_type=\"widget\" data-widget_type=\"heading.default\">\n\t\t\t\t<div class=\"elementor-widget-container\">\n\t\t\t\t\t<h3 class=\"elementor-heading-title elementor-size-default\">V\u00e6lg en scootermodel nedenfor for at f\u00e5 mere information<\/h3>\t\t\t\t<\/div>\n\t\t\t\t<\/div>\n\t\t\t\t<div class=\"elementor-element elementor-element-28a9882 elementor-grid-4 elementor-posts--align-center elementor-grid-tablet-3 elementor-grid-mobile-2 elementor-posts--thumbnail-top elementor-widget elementor-widget-posts\" data-id=\"28a9882\" data-element_type=\"widget\" data-settings=\"{&quot;classic_columns&quot;:&quot;4&quot;,&quot;classic_masonry&quot;:&quot;yes&quot;,&quot;classic_columns_tablet&quot;:&quot;3&quot;,&quot;classic_columns_mobile&quot;:&quot;2&quot;,&quot;classic_row_gap_tablet&quot;:{&quot;unit&quot;:&quot;px&quot;,&quot;size&quot;:15,&quot;sizes&quot;:[]},&quot;classic_row_gap_mobile&quot;:{&quot;unit&quot;:&quot;px&quot;,&quot;size&quot;:10,&quot;sizes&quot;:[]},&quot;classic_row_gap&quot;:{&quot;unit&quot;:&quot;px&quot;,&quot;size&quot;:35,&quot;sizes&quot;:[]}}\" data-widget_type=\"posts.classic\">\n\t\t\t\t<div class=\"elementor-widget-container\">\n\t\t\t\t\t\t\t<div class=\"elementor-posts-container elementor-posts elementor-posts--skin-classic elementor-grid\" role=\"list\">\n\t\t\t\t<article class=\"elementor-post elementor-grid-item post-4922 post type-post status-publish format-standard has-post-thumbnail hentry category-mobility-scooter category-products tag-aluminum-alloy-electric-wheelchair\" role=\"listitem\">\n\t\t\t\t<a class=\"elementor-post__thumbnail__link\" href=\"https:\/\/heabenswheelchair.com\/da\/produkter\/letvaegts-foldbar-4-hjulet-mobilitetsscooter-til-aeldre\/\" tabindex=\"-1\" >\n\t\t\t<div class=\"elementor-post__thumbnail\"><img fetchpriority=\"high\" decoding=\"async\" width=\"800\" height=\"800\" src=\"https:\/\/heabenswheelchair.com\/wp-content\/uploads\/2025\/08\/folding-electric-mobility-scooter.avif\" class=\"attachment-full size-full wp-image-4923\" alt=\"\" srcset=\"https:\/\/heabenswheelchair.com\/wp-content\/uploads\/2025\/08\/folding-electric-mobility-scooter.avif 800w, https:\/\/heabenswheelchair.com\/wp-content\/uploads\/2025\/08\/folding-electric-mobility-scooter-300x300.avif 300w, https:\/\/heabenswheelchair.com\/wp-content\/uploads\/2025\/08\/folding-electric-mobility-scooter-150x150.avif 150w, https:\/\/heabenswheelchair.com\/wp-content\/uploads\/2025\/08\/folding-electric-mobility-scooter-768x768.avif 768w, https:\/\/heabenswheelchair.com\/wp-content\/uploads\/2025\/08\/folding-electric-mobility-scooter-12x12.avif 12w\" sizes=\"(max-width: 800px) 100vw, 800px\" \/><\/div>\n\t\t<\/a>\n\t\t\t\t<div class=\"elementor-post__text\">\n\t\t\t\t<h4 class=\"elementor-post__title\">\n\t\t\t<a href=\"https:\/\/heabenswheelchair.com\/da\/produkter\/letvaegts-foldbar-4-hjulet-mobilitetsscooter-til-aeldre\/\" >\n\t\t\t\tDB21\t\t\t<\/a>\n\t\t<\/h4>\n\t\t\t\t<\/div>\n\t\t\t\t<\/article>\n\t\t\t\t<\/div>\n\t\t\n\t\t\t\t\t\t<\/div>\n\t\t\t\t<\/div>\n\t\t\t\t\t<\/div>\n\t\t\t\t<\/div>\n\t\t\t\t<\/div>","protected":false},"excerpt":{"rendered":"<p>Mobility Scooter The lightweight, foldable 4-wheel mobility scooter for the elderly can be taken on an airplane, giving you a better travel experience. Mobility scooter<\/p>","protected":false},"author":1,"featured_media":4907,"parent":0,"menu_order":0,"comment_status":"closed","ping_status":"closed","template":"","meta":{"footnotes":""},"class_list":["post-465","page","type-page","status-publish","has-post-thumbnail","hentry"],"yoast_head":"<!-- This site is optimized with the Yoast SEO plugin v26.7 - https:\/\/yoast.com\/wordpress\/plugins\/seo\/ -->\n<title>Mobility Scooters Electric | Lightweight &amp; Fold Scooter for Disabled<\/title>\n<meta name=\"description\" content=\"HEABENS elderly electirc mobility scooters are designed with safety and comfort in mind, providing an excellent user experience. Please enjoy a free travel!\" \/>\n<meta name=\"robots\" content=\"index, follow, max-snippet:-1, max-image-preview:large, max-video-preview:-1\" \/>\n<link rel=\"canonical\" href=\"https:\/\/heabenswheelchair.com\/da\/elektrisk-mobilitets-scooter\/\" \/>\n<meta property=\"og:locale\" content=\"da_DK\" \/>\n<meta property=\"og:type\" content=\"article\" \/>\n<meta property=\"og:title\" content=\"Mobility Scooters Electric | Lightweight &amp; Fold Scooter for Disabled\" \/>\n<meta property=\"og:description\" content=\"HEABENS elderly electirc mobility scooters are designed with safety and comfort in mind, providing an excellent user experience. Please enjoy a free travel!\" \/>\n<meta property=\"og:url\" content=\"https:\/\/heabenswheelchair.com\/da\/elektrisk-mobilitets-scooter\/\" \/>\n<meta property=\"og:site_name\" content=\"HEABENS Wheelchair\" \/>\n<meta property=\"article:modified_time\" content=\"2025-08-12T05:59:26+00:00\" \/>\n<meta property=\"og:image\" content=\"https:\/\/heabenswheelchair.com\/wp-content\/uploads\/2025\/08\/4-wheel-Mobility-Scooter-for-elderly-1.avif\" \/>\n\t<meta property=\"og:image:width\" content=\"800\" \/>\n\t<meta property=\"og:image:height\" content=\"800\" \/>\n\t<meta property=\"og:image:type\" content=\"image\/jpeg\" \/>\n<meta name=\"twitter:card\" content=\"summary_large_image\" \/>\n<meta name=\"twitter:label1\" content=\"Estimeret l\u00e6setid\" \/>\n\t<meta name=\"twitter:data1\" content=\"2 minutter\" \/>\n<script type=\"application\/ld+json\" class=\"yoast-schema-graph\">{\"@context\":\"https:\/\/schema.org\",\"@graph\":[{\"@type\":\"WebPage\",\"@id\":\"https:\/\/heabenswheelchair.com\/electric-mobility-scooter\/\",\"url\":\"https:\/\/heabenswheelchair.com\/electric-mobility-scooter\/\",\"name\":\"Mobility Scooters Electric | Lightweight & Fold Scooter for Disabled\",\"isPartOf\":{\"@id\":\"https:\/\/heabenswheelchair.com\/#website\"},\"primaryImageOfPage\":{\"@id\":\"https:\/\/heabenswheelchair.com\/electric-mobility-scooter\/#primaryimage\"},\"image\":{\"@id\":\"https:\/\/heabenswheelchair.com\/electric-mobility-scooter\/#primaryimage\"},\"thumbnailUrl\":\"https:\/\/heabenswheelchair.com\/wp-content\/uploads\/2025\/08\/4-wheel-Mobility-Scooter-for-elderly-1.avif\",\"datePublished\":\"2024-04-27T07:14:42+00:00\",\"dateModified\":\"2025-08-12T05:59:26+00:00\",\"description\":\"HEABENS elderly electirc mobility scooters are designed with safety and comfort in mind, providing an excellent user experience. Please enjoy a free travel!\",\"breadcrumb\":{\"@id\":\"https:\/\/heabenswheelchair.com\/electric-mobility-scooter\/#breadcrumb\"},\"inLanguage\":\"da-DK\",\"potentialAction\":[{\"@type\":\"ReadAction\",\"target\":[\"https:\/\/heabenswheelchair.com\/electric-mobility-scooter\/\"]}]},{\"@type\":\"ImageObject\",\"inLanguage\":\"da-DK\",\"@id\":\"https:\/\/heabenswheelchair.com\/electric-mobility-scooter\/#primaryimage\",\"url\":\"https:\/\/heabenswheelchair.com\/wp-content\/uploads\/2025\/08\/4-wheel-Mobility-Scooter-for-elderly-1.avif\",\"contentUrl\":\"https:\/\/heabenswheelchair.com\/wp-content\/uploads\/2025\/08\/4-wheel-Mobility-Scooter-for-elderly-1.avif\",\"width\":800,\"height\":800},{\"@type\":\"BreadcrumbList\",\"@id\":\"https:\/\/heabenswheelchair.com\/electric-mobility-scooter\/#breadcrumb\",\"itemListElement\":[{\"@type\":\"ListItem\",\"position\":1,\"name\":\"Home\",\"item\":\"https:\/\/heabenswheelchair.com\/\"},{\"@type\":\"ListItem\",\"position\":2,\"name\":\"Mobility Scooter\"}]},{\"@type\":\"WebSite\",\"@id\":\"https:\/\/heabenswheelchair.com\/#website\",\"url\":\"https:\/\/heabenswheelchair.com\/\",\"name\":\"HEABENS Wheelchair\",\"description\":\"electric wheelchair, manual Wheelchair\",\"publisher\":{\"@id\":\"https:\/\/heabenswheelchair.com\/#organization\"},\"potentialAction\":[{\"@type\":\"SearchAction\",\"target\":{\"@type\":\"EntryPoint\",\"urlTemplate\":\"https:\/\/heabenswheelchair.com\/?s={search_term_string}\"},\"query-input\":{\"@type\":\"PropertyValueSpecification\",\"valueRequired\":true,\"valueName\":\"search_term_string\"}}],\"inLanguage\":\"da-DK\"},{\"@type\":\"Organization\",\"@id\":\"https:\/\/heabenswheelchair.com\/#organization\",\"name\":\"HEABENS Wheelchair\",\"url\":\"https:\/\/heabenswheelchair.com\/\",\"logo\":{\"@type\":\"ImageObject\",\"inLanguage\":\"da-DK\",\"@id\":\"https:\/\/heabenswheelchair.com\/#\/schema\/logo\/image\/\",\"url\":\"https:\/\/heabenswheelchair.com\/wp-content\/uploads\/2024\/03\/logo-150.png\",\"contentUrl\":\"https:\/\/heabenswheelchair.com\/wp-content\/uploads\/2024\/03\/logo-150.png\",\"width\":293,\"height\":100,\"caption\":\"HEABENS Wheelchair\"},\"image\":{\"@id\":\"https:\/\/heabenswheelchair.com\/#\/schema\/logo\/image\/\"}}]}<\/script>\n<!-- \/ Yoast SEO plugin. -->","yoast_head_json":{"title":"Mobility scooter elektrisk | Letv\u00e6gts- og foldescooter til handicappede","description":"HEABENS \u00e6ldre el-scootere er designet med sikkerhed og komfort i tankerne, hvilket giver en fremragende brugeroplevelse. Nyd en gratis rejse!","robots":{"index":"index","follow":"follow","max-snippet":"max-snippet:-1","max-image-preview":"max-image-preview:large","max-video-preview":"max-video-preview:-1"},"canonical":"https:\/\/heabenswheelchair.com\/da\/elektrisk-mobilitets-scooter\/","og_locale":"da_DK","og_type":"article","og_title":"Mobility Scooters Electric | Lightweight & Fold Scooter for Disabled","og_description":"HEABENS elderly electirc mobility scooters are designed with safety and comfort in mind, providing an excellent user experience. Please enjoy a free travel!","og_url":"https:\/\/heabenswheelchair.com\/da\/elektrisk-mobilitets-scooter\/","og_site_name":"HEABENS Wheelchair","article_modified_time":"2025-08-12T05:59:26+00:00","og_image":[{"width":800,"height":800,"url":"https:\/\/heabenswheelchair.com\/wp-content\/uploads\/2025\/08\/4-wheel-Mobility-Scooter-for-elderly-1.avif","type":"image\/jpeg"}],"twitter_card":"summary_large_image","twitter_misc":{"Estimeret l\u00e6setid":"2 minutter"},"schema":{"@context":"https:\/\/schema.org","@graph":[{"@type":"WebPage","@id":"https:\/\/heabenswheelchair.com\/electric-mobility-scooter\/","url":"https:\/\/heabenswheelchair.com\/electric-mobility-scooter\/","name":"Mobility scooter elektrisk | Letv\u00e6gts- og foldescooter til handicappede","isPartOf":{"@id":"https:\/\/heabenswheelchair.com\/#website"},"primaryImageOfPage":{"@id":"https:\/\/heabenswheelchair.com\/electric-mobility-scooter\/#primaryimage"},"image":{"@id":"https:\/\/heabenswheelchair.com\/electric-mobility-scooter\/#primaryimage"},"thumbnailUrl":"https:\/\/heabenswheelchair.com\/wp-content\/uploads\/2025\/08\/4-wheel-Mobility-Scooter-for-elderly-1.avif","datePublished":"2024-04-27T07:14:42+00:00","dateModified":"2025-08-12T05:59:26+00:00","description":"HEABENS \u00e6ldre el-scootere er designet med sikkerhed og komfort i tankerne, hvilket giver en fremragende brugeroplevelse. Nyd en gratis rejse!","breadcrumb":{"@id":"https:\/\/heabenswheelchair.com\/electric-mobility-scooter\/#breadcrumb"},"inLanguage":"da-DK","potentialAction":[{"@type":"ReadAction","target":["https:\/\/heabenswheelchair.com\/electric-mobility-scooter\/"]}]},{"@type":"ImageObject","inLanguage":"da-DK","@id":"https:\/\/heabenswheelchair.com\/electric-mobility-scooter\/#primaryimage","url":"https:\/\/heabenswheelchair.com\/wp-content\/uploads\/2025\/08\/4-wheel-Mobility-Scooter-for-elderly-1.avif","contentUrl":"https:\/\/heabenswheelchair.com\/wp-content\/uploads\/2025\/08\/4-wheel-Mobility-Scooter-for-elderly-1.avif","width":800,"height":800},{"@type":"BreadcrumbList","@id":"https:\/\/heabenswheelchair.com\/electric-mobility-scooter\/#breadcrumb","itemListElement":[{"@type":"ListItem","position":1,"name":"Home","item":"https:\/\/heabenswheelchair.com\/"},{"@type":"ListItem","position":2,"name":"Mobility Scooter"}]},{"@type":"WebSite","@id":"https:\/\/heabenswheelchair.com\/#website","url":"https:\/\/heabenswheelchair.com\/","name":"HEABENS K\u00f8restol","description":"elektrisk k\u00f8restol, manuel k\u00f8restol","publisher":{"@id":"https:\/\/heabenswheelchair.com\/#organization"},"potentialAction":[{"@type":"SearchAction","target":{"@type":"EntryPoint","urlTemplate":"https:\/\/heabenswheelchair.com\/?s={search_term_string}"},"query-input":{"@type":"PropertyValueSpecification","valueRequired":true,"valueName":"search_term_string"}}],"inLanguage":"da-DK"},{"@type":"Organization","@id":"https:\/\/heabenswheelchair.com\/#organization","name":"HEABENS K\u00f8restol","url":"https:\/\/heabenswheelchair.com\/","logo":{"@type":"ImageObject","inLanguage":"da-DK","@id":"https:\/\/heabenswheelchair.com\/#\/schema\/logo\/image\/","url":"https:\/\/heabenswheelchair.com\/wp-content\/uploads\/2024\/03\/logo-150.png","contentUrl":"https:\/\/heabenswheelchair.com\/wp-content\/uploads\/2024\/03\/logo-150.png","width":293,"height":100,"caption":"HEABENS Wheelchair"},"image":{"@id":"https:\/\/heabenswheelchair.com\/#\/schema\/logo\/image\/"}}]}},"_links":{"self":[{"href":"https:\/\/heabenswheelchair.com\/da\/wp-json\/wp\/v2\/pages\/465","targetHints":{"allow":["GET"]}}],"collection":[{"href":"https:\/\/heabenswheelchair.com\/da\/wp-json\/wp\/v2\/pages"}],"about":[{"href":"https:\/\/heabenswheelchair.com\/da\/wp-json\/wp\/v2\/types\/page"}],"author":[{"embeddable":true,"href":"https:\/\/heabenswheelchair.com\/da\/wp-json\/wp\/v2\/users\/1"}],"replies":[{"embeddable":true,"href":"https:\/\/heabenswheelchair.com\/da\/wp-json\/wp\/v2\/comments?post=465"}],"version-history":[{"count":179,"href":"https:\/\/heabenswheelchair.com\/da\/wp-json\/wp\/v2\/pages\/465\/revisions"}],"predecessor-version":[{"id":5008,"href":"https:\/\/heabenswheelchair.com\/da\/wp-json\/wp\/v2\/pages\/465\/revisions\/5008"}],"wp:featuredmedia":[{"embeddable":true,"href":"https:\/\/heabenswheelchair.com\/da\/wp-json\/wp\/v2\/media\/4907"}],"wp:attachment":[{"href":"https:\/\/heabenswheelchair.com\/da\/wp-json\/wp\/v2\/media?parent=465"}],"curies":[{"name":"wp","href":"https:\/\/api.w.org\/{rel}","templated":true}]}}